{"id":464,"date":"2023-10-17T10:47:30","date_gmt":"2023-10-17T10:47:30","guid":{"rendered":"https:\/\/projetosdre.madeira.gov.pt\/crjmram\/?page_id=464"},"modified":"2024-01-18T12:19:37","modified_gmt":"2024-01-18T12:19:37","slug":"final-5crjm","status":"publish","type":"page","link":"https:\/\/projetosdre.madeira.gov.pt\/crjmram\/final-5crjm\/","title":{"rendered":"Final 5CRJM"},"content":{"rendered":"\t\t<div data-elementor-type=\"wp-page\" data-elementor-id=\"464\" class=\"elementor elementor-464\">\n\t\t\t\t<div class=\"elementor-element elementor-element-55674254 e-flex e-con-boxed e-con e-parent\" data-id=\"55674254\" data-element_type=\"container\" data-e-type=\"container\">\n\t\t\t\t\t<div class=\"e-con-inner\">\n\t\t<div class=\"elementor-element elementor-element-716653bf e-con-full e-flex e-con e-child\" data-id=\"716653bf\" data-element_type=\"container\" data-e-type=\"container\">\n\t\t\t\t<div class=\"elementor-element elementor-element-39fcbde5 elementor-widget elementor-widget-image\" data-id=\"39fcbde5\" data-element_type=\"widget\" data-e-type=\"widget\" data-widget_type=\"image.default\">\n\t\t\t\t<div class=\"elementor-widget-container\">\n\t\t\t\t\t\t\t\t\t\t\t\t\t\t\t<img fetchpriority=\"high\" decoding=\"async\" width=\"341\" height=\"215\" src=\"https:\/\/projetosdre.madeira.gov.pt\/crjmram\/wp-content\/uploads\/sites\/5\/2023\/10\/Lista_Jogos_5CRJM.webp\" class=\"attachment-large size-large wp-image-855\" alt=\"\" srcset=\"https:\/\/projetosdre.madeira.gov.pt\/crjmram\/wp-content\/uploads\/sites\/5\/2023\/10\/Lista_Jogos_5CRJM.webp 341w, https:\/\/projetosdre.madeira.gov.pt\/crjmram\/wp-content\/uploads\/sites\/5\/2023\/10\/Lista_Jogos_5CRJM-300x189.webp 300w\" sizes=\"(max-width: 341px) 100vw, 341px\" \/>\t\t\t\t\t\t\t\t\t\t\t\t\t\t\t<\/div>\n\t\t\t\t<\/div>\n\t\t\t\t<\/div>\n\t\t<div class=\"elementor-element elementor-element-33f694cb e-con-full e-flex e-con e-child\" data-id=\"33f694cb\" data-element_type=\"container\" data-e-type=\"container\">\n\t\t<div class=\"elementor-element elementor-element-259747d5 e-flex e-con-boxed e-con e-child\" data-id=\"259747d5\" data-element_type=\"container\" data-e-type=\"container\">\n\t\t\t\t\t<div class=\"e-con-inner\">\n\t\t\t\t<div class=\"elementor-element elementor-element-67d3ba19 elementor-widget elementor-widget-image\" data-id=\"67d3ba19\" data-element_type=\"widget\" data-e-type=\"widget\" data-widget_type=\"image.default\">\n\t\t\t\t<div class=\"elementor-widget-container\">\n\t\t\t\t\t\t\t\t\t\t\t\t\t\t\t<img decoding=\"async\" width=\"739\" height=\"124\" src=\"https:\/\/projetosdre.madeira.gov.pt\/crjmram\/wp-content\/uploads\/sites\/5\/2023\/10\/Titulo_5CRJM.webp\" class=\"attachment-large size-large wp-image-857\" alt=\"\" srcset=\"https:\/\/projetosdre.madeira.gov.pt\/crjmram\/wp-content\/uploads\/sites\/5\/2023\/10\/Titulo_5CRJM.webp 739w, https:\/\/projetosdre.madeira.gov.pt\/crjmram\/wp-content\/uploads\/sites\/5\/2023\/10\/Titulo_5CRJM-300x50.webp 300w\" sizes=\"(max-width: 739px) 100vw, 739px\" \/>\t\t\t\t\t\t\t\t\t\t\t\t\t\t\t<\/div>\n\t\t\t\t<\/div>\n\t\t\t\t\t<\/div>\n\t\t\t\t<\/div>\n\t\t<div class=\"elementor-element elementor-element-88a41e5 e-flex e-con-boxed e-con e-child\" data-id=\"88a41e5\" data-element_type=\"container\" data-e-type=\"container\">\n\t\t\t\t\t<div class=\"e-con-inner\">\n\t\t\t\t<div class=\"elementor-element elementor-element-54fe6213 elementor-widget-divider--view-line elementor-widget elementor-widget-divider\" data-id=\"54fe6213\" data-element_type=\"widget\" data-e-type=\"widget\" data-widget_type=\"divider.default\">\n\t\t\t\t<div class=\"elementor-widget-container\">\n\t\t\t\t\t\t\t<div class=\"elementor-divider\">\n\t\t\t<span class=\"elementor-divider-separator\">\n\t\t\t\t\t\t<\/span>\n\t\t<\/div>\n\t\t\t\t\t\t<\/div>\n\t\t\t\t<\/div>\n\t\t\t\t<div class=\"elementor-element elementor-element-497dedd1 elementor-widget elementor-widget-image\" data-id=\"497dedd1\" data-element_type=\"widget\" data-e-type=\"widget\" data-widget_type=\"image.default\">\n\t\t\t\t<div class=\"elementor-widget-container\">\n\t\t\t\t\t\t\t\t\t\t\t\t\t\t\t<img decoding=\"async\" width=\"600\" height=\"123\" src=\"https:\/\/projetosdre.madeira.gov.pt\/crjmram\/wp-content\/uploads\/sites\/5\/2023\/10\/7-Campeonato.webp\" class=\"attachment-large size-large wp-image-518\" alt=\"\" srcset=\"https:\/\/projetosdre.madeira.gov.pt\/crjmram\/wp-content\/uploads\/sites\/5\/2023\/10\/7-Campeonato.webp 600w, https:\/\/projetosdre.madeira.gov.pt\/crjmram\/wp-content\/uploads\/sites\/5\/2023\/10\/7-Campeonato-300x62.webp 300w\" sizes=\"(max-width: 600px) 100vw, 600px\" \/>\t\t\t\t\t\t\t\t\t\t\t\t\t\t\t<\/div>\n\t\t\t\t<\/div>\n\t\t\t\t\t<\/div>\n\t\t\t\t<\/div>\n\t\t\t\t<\/div>\n\t\t\t\t\t<\/div>\n\t\t\t\t<\/div>\n\t\t<div class=\"elementor-element elementor-element-75db9013 e-flex e-con-boxed e-con e-parent\" data-id=\"75db9013\" data-element_type=\"container\" data-e-type=\"container\">\n\t\t\t\t\t<div class=\"e-con-inner\">\n\t\t\t\t<div class=\"elementor-element elementor-element-6641ec36 elementor-widget elementor-widget-heading\" data-id=\"6641ec36\" data-element_type=\"widget\" data-e-type=\"widget\" data-widget_type=\"heading.default\">\n\t\t\t\t<div class=\"elementor-widget-container\">\n\t\t\t\t\t<h2 class=\"elementor-heading-title elementor-size-default\">Data:  Data: 10 de maio at\u00e9 28 de junho 2021\n<br>\nLocal:Escola B\u00e1sica e Secund\u00e1ria Dr. \u00c2ngelo Augusto da Silva - Funchal<\/h2>\t\t\t\t<\/div>\n\t\t\t\t<\/div>\n\t\t\t\t<div class=\"elementor-element elementor-element-c9b4b33 elementor-widget elementor-widget-spacer\" data-id=\"c9b4b33\" data-element_type=\"widget\" data-e-type=\"widget\" data-widget_type=\"spacer.default\">\n\t\t\t\t<div class=\"elementor-widget-container\">\n\t\t\t\t\t\t\t<div class=\"elementor-spacer\">\n\t\t\t<div class=\"elementor-spacer-inner\"><\/div>\n\t\t<\/div>\n\t\t\t\t\t\t<\/div>\n\t\t\t\t<\/div>\n\t\t\t\t\t<\/div>\n\t\t\t\t<\/div>\n\t\t<div class=\"elementor-element elementor-element-148354b2 e-con-full e-flex e-con e-parent\" data-id=\"148354b2\" data-element_type=\"container\" data-e-type=\"container\" data-settings=\"{&quot;background_background&quot;:&quot;classic&quot;}\">\n\t\t<div class=\"elementor-element elementor-element-58ae46f1 e-con-full e-flex e-con e-child\" data-id=\"58ae46f1\" data-element_type=\"container\" data-e-type=\"container\">\n\t\t\t\t<div class=\"elementor-element elementor-element-5519fdb1 elementor-widget elementor-widget-image\" data-id=\"5519fdb1\" data-element_type=\"widget\" data-e-type=\"widget\" data-widget_type=\"image.default\">\n\t\t\t\t<div class=\"elementor-widget-container\">\n\t\t\t\t\t\t\t\t\t\t\t\t\t\t\t<img loading=\"lazy\" decoding=\"async\" width=\"416\" height=\"576\" src=\"https:\/\/projetosdre.madeira.gov.pt\/crjmram\/wp-content\/uploads\/sites\/5\/2023\/10\/CARTAZ_5CRJM_.webp\" class=\"attachment-large size-large wp-image-854\" alt=\"\" srcset=\"https:\/\/projetosdre.madeira.gov.pt\/crjmram\/wp-content\/uploads\/sites\/5\/2023\/10\/CARTAZ_5CRJM_.webp 416w, https:\/\/projetosdre.madeira.gov.pt\/crjmram\/wp-content\/uploads\/sites\/5\/2023\/10\/CARTAZ_5CRJM_-217x300.webp 217w\" sizes=\"(max-width: 416px) 100vw, 416px\" \/>\t\t\t\t\t\t\t\t\t\t\t\t\t\t\t<\/div>\n\t\t\t\t<\/div>\n\t\t\t\t<\/div>\n\t\t<div class=\"elementor-element elementor-element-39f2c30b e-con-full e-flex e-con e-child\" data-id=\"39f2c30b\" data-element_type=\"container\" data-e-type=\"container\">\n\t\t\t\t<div class=\"elementor-element elementor-element-56d873e6 elementor-align-center elementor-widget elementor-widget-button\" data-id=\"56d873e6\" data-element_type=\"widget\" data-e-type=\"widget\" data-widget_type=\"button.default\">\n\t\t\t\t<div class=\"elementor-widget-container\">\n\t\t\t\t\t\t\t\t\t<div class=\"elementor-button-wrapper\">\n\t\t\t\t\t<a class=\"elementor-button elementor-button-link elementor-size-md elementor-animation-bounce-in\" href=\"https:\/\/projetosdre.madeira.gov.pt\/crjmram\/wp-content\/uploads\/sites\/5\/2024\/01\/resultados-1-ciclo.pdf\" target=\"_blank\">\n\t\t\t\t\t\t<span class=\"elementor-button-content-wrapper\">\n\t\t\t\t\t\t\t\t\t<span class=\"elementor-button-text\">Resultados 1\u00baCiclo Finalistas (31 de Maio)<\/span>\n\t\t\t\t\t<\/span>\n\t\t\t\t\t<\/a>\n\t\t\t\t<\/div>\n\t\t\t\t\t\t\t\t<\/div>\n\t\t\t\t<\/div>\n\t\t\t\t<div class=\"elementor-element elementor-element-a570aa3 elementor-align-center elementor-widget elementor-widget-button\" data-id=\"a570aa3\" data-element_type=\"widget\" data-e-type=\"widget\" data-widget_type=\"button.default\">\n\t\t\t\t<div class=\"elementor-widget-container\">\n\t\t\t\t\t\t\t\t\t<div class=\"elementor-button-wrapper\">\n\t\t\t\t\t<a class=\"elementor-button elementor-button-link elementor-size-md elementor-animation-bounce-in\" href=\"https:\/\/projetosdre.madeira.gov.pt\/crjmram\/wp-content\/uploads\/sites\/5\/2024\/01\/resultados-2-ciclo.pdf\" target=\"_blank\">\n\t\t\t\t\t\t<span class=\"elementor-button-content-wrapper\">\n\t\t\t\t\t\t\t\t\t<span class=\"elementor-button-text\">Resultados 2\u00ba Ciclo Final<\/span>\n\t\t\t\t\t<\/span>\n\t\t\t\t\t<\/a>\n\t\t\t\t<\/div>\n\t\t\t\t\t\t\t\t<\/div>\n\t\t\t\t<\/div>\n\t\t\t\t<div class=\"elementor-element elementor-element-2804c00d elementor-align-center elementor-widget elementor-widget-button\" data-id=\"2804c00d\" data-element_type=\"widget\" data-e-type=\"widget\" data-widget_type=\"button.default\">\n\t\t\t\t<div class=\"elementor-widget-container\">\n\t\t\t\t\t\t\t\t\t<div class=\"elementor-button-wrapper\">\n\t\t\t\t\t<a class=\"elementor-button elementor-button-link elementor-size-md elementor-animation-bounce-in\" href=\"https:\/\/projetosdre.madeira.gov.pt\/crjmram\/wp-content\/uploads\/sites\/5\/2024\/01\/resultados-3-ciclo.pdf\" target=\"_blank\">\n\t\t\t\t\t\t<span class=\"elementor-button-content-wrapper\">\n\t\t\t\t\t\t\t\t\t<span class=\"elementor-button-text\">Resultados 3\u00ba Ciclo Final<\/span>\n\t\t\t\t\t<\/span>\n\t\t\t\t\t<\/a>\n\t\t\t\t<\/div>\n\t\t\t\t\t\t\t\t<\/div>\n\t\t\t\t<\/div>\n\t\t\t\t<div class=\"elementor-element elementor-element-22456f9 elementor-align-center elementor-widget elementor-widget-button\" data-id=\"22456f9\" data-element_type=\"widget\" data-e-type=\"widget\" data-widget_type=\"button.default\">\n\t\t\t\t<div class=\"elementor-widget-container\">\n\t\t\t\t\t\t\t\t\t<div class=\"elementor-button-wrapper\">\n\t\t\t\t\t<a class=\"elementor-button elementor-button-link elementor-size-md elementor-animation-bounce-in\" href=\"https:\/\/projetosdre.madeira.gov.pt\/crjmram\/wp-content\/uploads\/sites\/5\/2024\/01\/nova-calendar-final.pdf\" target=\"_blank\">\n\t\t\t\t\t\t<span class=\"elementor-button-content-wrapper\">\n\t\t\t\t\t\t\t\t\t<span class=\"elementor-button-text\">Nova Calendariza\u00e7\u00e3o Final<\/span>\n\t\t\t\t\t<\/span>\n\t\t\t\t\t<\/a>\n\t\t\t\t<\/div>\n\t\t\t\t\t\t\t\t<\/div>\n\t\t\t\t<\/div>\n\t\t\t\t<div class=\"elementor-element elementor-element-1e3958ff elementor-align-center elementor-widget elementor-widget-button\" data-id=\"1e3958ff\" data-element_type=\"widget\" data-e-type=\"widget\" data-widget_type=\"button.default\">\n\t\t\t\t<div class=\"elementor-widget-container\">\n\t\t\t\t\t\t\t\t\t<div class=\"elementor-button-wrapper\">\n\t\t\t\t\t<a class=\"elementor-button elementor-button-link elementor-size-md elementor-animation-bounce-in\" href=\"https:\/\/projetosdre.madeira.gov.pt\/crjmram\/wp-content\/uploads\/sites\/5\/2024\/01\/regulamento-5-crjm.pdf\" target=\"_blank\">\n\t\t\t\t\t\t<span class=\"elementor-button-content-wrapper\">\n\t\t\t\t\t\t\t\t\t<span class=\"elementor-button-text\">Regulamento 5 CRJM<\/span>\n\t\t\t\t\t<\/span>\n\t\t\t\t\t<\/a>\n\t\t\t\t<\/div>\n\t\t\t\t\t\t\t\t<\/div>\n\t\t\t\t<\/div>\n\t\t\t\t<div class=\"elementor-element elementor-element-47ec7ff3 elementor-align-center elementor-widget elementor-widget-button\" data-id=\"47ec7ff3\" data-element_type=\"widget\" data-e-type=\"widget\" data-widget_type=\"button.default\">\n\t\t\t\t<div class=\"elementor-widget-container\">\n\t\t\t\t\t\t\t\t\t<div class=\"elementor-button-wrapper\">\n\t\t\t\t\t<a class=\"elementor-button elementor-button-link elementor-size-md elementor-animation-bounce-in\" href=\"https:\/\/projetosdre.madeira.gov.pt\/crjmram\/wp-content\/uploads\/sites\/5\/2024\/01\/listagem-dos-grupos.pdf\" target=\"_blank\">\n\t\t\t\t\t\t<span class=\"elementor-button-content-wrapper\">\n\t\t\t\t\t\t\t\t\t<span class=\"elementor-button-text\">Listagem de Grupos<\/span>\n\t\t\t\t\t<\/span>\n\t\t\t\t\t<\/a>\n\t\t\t\t<\/div>\n\t\t\t\t\t\t\t\t<\/div>\n\t\t\t\t<\/div>\n\t\t\t\t<div class=\"elementor-element elementor-element-5e8c2cb2 elementor-align-center elementor-widget elementor-widget-button\" data-id=\"5e8c2cb2\" data-element_type=\"widget\" data-e-type=\"widget\" data-widget_type=\"button.default\">\n\t\t\t\t<div class=\"elementor-widget-container\">\n\t\t\t\t\t\t\t\t\t<div class=\"elementor-button-wrapper\">\n\t\t\t\t\t<a class=\"elementor-button elementor-button-link elementor-size-md elementor-animation-bounce-in\" href=\"https:\/\/projetosdre.madeira.gov.pt\/crjmram\/wp-content\/uploads\/sites\/5\/2024\/01\/lista-das-escoals.pdf\" target=\"_blank\">\n\t\t\t\t\t\t<span class=\"elementor-button-content-wrapper\">\n\t\t\t\t\t\t\t\t\t<span class=\"elementor-button-text\">Lista das Escolas<\/span>\n\t\t\t\t\t<\/span>\n\t\t\t\t\t<\/a>\n\t\t\t\t<\/div>\n\t\t\t\t\t\t\t\t<\/div>\n\t\t\t\t<\/div>\n\t\t\t\t<div class=\"elementor-element elementor-element-ce7b039 elementor-align-center elementor-widget elementor-widget-button\" data-id=\"ce7b039\" data-element_type=\"widget\" data-e-type=\"widget\" data-widget_type=\"button.default\">\n\t\t\t\t<div class=\"elementor-widget-container\">\n\t\t\t\t\t\t\t\t\t<div class=\"elementor-button-wrapper\">\n\t\t\t\t\t<a class=\"elementor-button elementor-button-link elementor-size-md elementor-animation-bounce-in\" href=\"https:\/\/projetosdre.madeira.gov.pt\/crjmram\/wp-content\/uploads\/sites\/5\/2024\/01\/programa-1.pdf\" target=\"_blank\">\n\t\t\t\t\t\t<span class=\"elementor-button-content-wrapper\">\n\t\t\t\t\t\t\t\t\t<span class=\"elementor-button-text\">Programa<\/span>\n\t\t\t\t\t<\/span>\n\t\t\t\t\t<\/a>\n\t\t\t\t<\/div>\n\t\t\t\t\t\t\t\t<\/div>\n\t\t\t\t<\/div>\n\t\t\t\t<div class=\"elementor-element elementor-element-72ee9e50 elementor-align-center elementor-widget elementor-widget-button\" data-id=\"72ee9e50\" data-element_type=\"widget\" data-e-type=\"widget\" data-widget_type=\"button.default\">\n\t\t\t\t<div class=\"elementor-widget-container\">\n\t\t\t\t\t\t\t\t\t<div class=\"elementor-button-wrapper\">\n\t\t\t\t\t<a class=\"elementor-button elementor-button-link elementor-size-md elementor-animation-bounce-in\" href=\"https:\/\/projetosdre.madeira.gov.pt\/crjmram\/wp-content\/uploads\/sites\/5\/2024\/01\/guiao-final.pdf\" target=\"_blank\">\n\t\t\t\t\t\t<span class=\"elementor-button-content-wrapper\">\n\t\t\t\t\t\t\t\t\t<span class=\"elementor-button-text\">Gui\u00e3o Final<\/span>\n\t\t\t\t\t<\/span>\n\t\t\t\t\t<\/a>\n\t\t\t\t<\/div>\n\t\t\t\t\t\t\t\t<\/div>\n\t\t\t\t<\/div>\n\t\t\t\t<div class=\"elementor-element elementor-element-74864c2b elementor-align-center elementor-widget elementor-widget-button\" data-id=\"74864c2b\" data-element_type=\"widget\" data-e-type=\"widget\" data-widget_type=\"button.default\">\n\t\t\t\t<div class=\"elementor-widget-container\">\n\t\t\t\t\t\t\t\t\t<div class=\"elementor-button-wrapper\">\n\t\t\t\t\t<a class=\"elementor-button elementor-button-link elementor-size-md elementor-animation-bounce-in\" href=\"https:\/\/projetosdre.madeira.gov.pt\/crjmram\/wp-content\/uploads\/sites\/5\/2024\/01\/cartaz-2.pdf\" target=\"_blank\">\n\t\t\t\t\t\t<span class=\"elementor-button-content-wrapper\">\n\t\t\t\t\t\t\t\t\t<span class=\"elementor-button-text\">Cartaz<\/span>\n\t\t\t\t\t<\/span>\n\t\t\t\t\t<\/a>\n\t\t\t\t<\/div>\n\t\t\t\t\t\t\t\t<\/div>\n\t\t\t\t<\/div>\n\t\t\t\t<\/div>\n\t\t\t\t<\/div>\n\t\t<div class=\"elementor-element elementor-element-3188f83c e-flex e-con-boxed e-con e-parent\" data-id=\"3188f83c\" data-element_type=\"container\" data-e-type=\"container\">\n\t\t\t\t\t<div class=\"e-con-inner\">\n\t\t\t\t<div class=\"elementor-element elementor-element-2e6e6b72 elementor-widget elementor-widget-image\" data-id=\"2e6e6b72\" data-element_type=\"widget\" data-e-type=\"widget\" data-widget_type=\"image.default\">\n\t\t\t\t<div class=\"elementor-widget-container\">\n\t\t\t\t\t\t\t\t\t\t\t\t\t\t\t<img decoding=\"async\" src=\"https:\/\/projetosdre.madeira.gov.pt\/crjmram\/wp-content\/uploads\/sites\/5\/elementor\/thumbs\/SRE_DRE_normal-qdy0forlfahapjp1ihi5i1ve22uyxr733r1qoi5e4q.webp\" title=\"SRE_DRE_normal\" alt=\"SRE_DRE_normal\" loading=\"lazy\" \/>\t\t\t\t\t\t\t\t\t\t\t\t\t\t\t<\/div>\n\t\t\t\t<\/div>\n\t\t\t\t\t<\/div>\n\t\t\t\t<\/div>\n\t\t\t\t<\/div>\n\t\t","protected":false},"excerpt":{"rendered":"<p>Data: Data: 10 de maio at\u00e9 28 de junho 2021 Local:Escola B\u00e1sica e Secund\u00e1ria Dr. \u00c2ngelo Augusto da Silva &#8211; Funchal Resultados 1\u00baCiclo Finalistas (31 de Maio) Resultados 2\u00ba Ciclo Final Resultados 3\u00ba Ciclo Final Nova Calendariza\u00e7\u00e3o Final Regulamento 5 CRJM Listagem de Grupos Lista das Escolas Programa Gui\u00e3o Final Cartaz<\/p>\n","protected":false},"author":1,"featured_media":0,"parent":0,"menu_order":0,"comment_status":"closed","ping_status":"closed","template":"","meta":{"site-sidebar-layout":"no-sidebar","site-content-layout":"","ast-site-content-layout":"full-width-container","site-content-style":"default","site-sidebar-style":"default","ast-global-header-display":"","ast-banner-title-visibility":"","ast-main-header-display":"","ast-hfb-above-header-display":"","ast-hfb-below-header-display":"","ast-hfb-mobile-header-display":"","site-post-title":"disabled","ast-breadcrumbs-content":"","ast-featured-img":"disabled","footer-sml-layout":"","ast-disable-related-posts":"","theme-transparent-header-meta":"","adv-header-id-meta":"","stick-header-meta":"","header-above-stick-meta":"","header-main-stick-meta":"","header-below-stick-meta":"","astra-migrate-meta-layouts":"default","ast-page-background-enabled":"default","ast-page-background-meta":{"desktop":{"background-color":"var(--ast-global-color-4)","background-image":"","background-repeat":"repeat","background-position":"center center","background-size":"auto","background-attachment":"scroll","background-type":"","background-media":"","overlay-type":"","overlay-color":"","overlay-opacity":"","overlay-gradient":""},"tablet":{"background-color":"","background-image":"","background-repeat":"repeat","background-position":"center center","background-size":"auto","background-attachment":"scroll","background-type":"","background-media":"","overlay-type":"","overlay-color":"","overlay-opacity":"","overlay-gradient":""},"mobile":{"background-color":"","background-image":"","background-repeat":"repeat","background-position":"center center","background-size":"auto","background-attachment":"scroll","background-type":"","background-media":"","overlay-type":"","overlay-color":"","overlay-opacity":"","overlay-gradient":""}},"ast-content-background-meta":{"desktop":{"background-color":"var(--ast-global-color-5)","background-image":"","background-repeat":"repeat","background-position":"center center","background-size":"auto","background-attachment":"scroll","background-type":"","background-media":"","overlay-type":"","overlay-color":"","overlay-opacity":"","overlay-gradient":""},"tablet":{"background-color":"var(--ast-global-color-5)","background-image":"","background-repeat":"repeat","background-position":"center center","background-size":"auto","background-attachment":"scroll","background-type":"","background-media":"","overlay-type":"","overlay-color":"","overlay-opacity":"","overlay-gradient":""},"mobile":{"background-color":"var(--ast-global-color-5)","background-image":"","background-repeat":"repeat","background-position":"center center","background-size":"auto","background-attachment":"scroll","background-type":"","background-media":"","overlay-type":"","overlay-color":"","overlay-opacity":"","overlay-gradient":""}},"_themeisle_gutenberg_block_has_review":false,"footnotes":""},"class_list":["post-464","page","type-page","status-publish","hentry"],"_links":{"self":[{"href":"https:\/\/projetosdre.madeira.gov.pt\/crjmram\/wp-json\/wp\/v2\/pages\/464","targetHints":{"allow":["GET"]}}],"collection":[{"href":"https:\/\/projetosdre.madeira.gov.pt\/crjmram\/wp-json\/wp\/v2\/pages"}],"about":[{"href":"https:\/\/projetosdre.madeira.gov.pt\/crjmram\/wp-json\/wp\/v2\/types\/page"}],"author":[{"embeddable":true,"href":"https:\/\/projetosdre.madeira.gov.pt\/crjmram\/wp-json\/wp\/v2\/users\/1"}],"replies":[{"embeddable":true,"href":"https:\/\/projetosdre.madeira.gov.pt\/crjmram\/wp-json\/wp\/v2\/comments?post=464"}],"version-history":[{"count":67,"href":"https:\/\/projetosdre.madeira.gov.pt\/crjmram\/wp-json\/wp\/v2\/pages\/464\/revisions"}],"predecessor-version":[{"id":2618,"href":"https:\/\/projetosdre.madeira.gov.pt\/crjmram\/wp-json\/wp\/v2\/pages\/464\/revisions\/2618"}],"wp:attachment":[{"href":"https:\/\/projetosdre.madeira.gov.pt\/crjmram\/wp-json\/wp\/v2\/media?parent=464"}],"curies":[{"name":"wp","href":"https:\/\/api.w.org\/{rel}","templated":true}]}}