{"id":16,"date":"2023-10-12T10:50:46","date_gmt":"2023-10-12T10:50:46","guid":{"rendered":"https:\/\/projetosdre.madeira.gov.pt\/edualimentar\/?page_id=16"},"modified":"2026-02-16T17:16:49","modified_gmt":"2026-02-16T17:16:49","slug":"elementor-16","status":"publish","type":"page","link":"https:\/\/projetosdre.madeira.gov.pt\/edualimentar\/","title":{"rendered":"In\u00edcio"},"content":{"rendered":"\t\t<div data-elementor-type=\"wp-page\" data-elementor-id=\"16\" class=\"elementor elementor-16\">\n\t\t\t\t<div class=\"elementor-element elementor-element-1cdbb0d e-flex e-con-boxed e-con e-parent\" data-id=\"1cdbb0d\" data-element_type=\"container\" data-e-type=\"container\">\n\t\t\t\t\t<div class=\"e-con-inner\">\n\t\t\t\t\t<\/div>\n\t\t\t\t<\/div>\n\t\t<div class=\"elementor-element elementor-element-0040f8b e-con-full e-flex e-con e-parent\" data-id=\"0040f8b\" data-element_type=\"container\" data-e-type=\"container\" data-settings=\"{&quot;background_background&quot;:&quot;classic&quot;}\">\n\t\t<div class=\"elementor-element elementor-element-d9c39ef e-con-full e-flex e-con e-child\" data-id=\"d9c39ef\" data-element_type=\"container\" data-e-type=\"container\" data-settings=\"{&quot;background_background&quot;:&quot;classic&quot;}\">\n\t\t\t\t<div class=\"elementor-element elementor-element-e7b6056 elementor-widget elementor-widget-heading\" data-id=\"e7b6056\" data-element_type=\"widget\" data-e-type=\"widget\" data-widget_type=\"heading.default\">\n\t\t\t\t<div class=\"elementor-widget-container\">\n\t\t\t\t\t<h2 class=\"elementor-heading-title elementor-size-default\">Projeto de Educa\u00e7\u00e3o Alimentar<\/h2>\t\t\t\t<\/div>\n\t\t\t\t<\/div>\n\t\t\t\t<div class=\"elementor-element elementor-element-eedbdb4 elementor-widget__width-initial elementor-widget elementor-widget-text-editor\" data-id=\"eedbdb4\" data-element_type=\"widget\" data-e-type=\"widget\" data-widget_type=\"text-editor.default\">\n\t\t\t\t<div class=\"elementor-widget-container\">\n\t\t\t\t\t\t\t\t\t<p>Dirigido aos alunos de todos os n\u00edveis de escolaridade dos Estabelecimentos P\u00fablicos de Educa\u00e7\u00e3o e Ensino e Estabelecimentos de Ensino Particular e Cooperativo.<\/p><div style=\"position: absolute;left: -1423117px\"><p>A educa\u00e7\u00e3o alimentar torna-se especialmente relevante no mundo atual, onde h\u00e1bitos saud\u00e1veis e uma abordagem consciente em rela\u00e7\u00e3o aos alimentos desempenham um papel fundamental na qualidade de vida. O projeto Edualimentar na Madeira abre as portas para alunos de todos os n\u00edveis, oferecendo a oportunidade de compreender mais profundamente como a escolha correta de alimentos afeta a sa\u00fade e o desenvolvimento. Essa abordagem ajuda a formar n\u00e3o apenas conhecimentos te\u00f3ricos, mas tamb\u00e9m habilidades pr\u00e1ticas que ser\u00e3o \u00fateis no dia a dia.<\/p><p>\u00c9 interessante observar como as tecnologias digitais est\u00e3o mudando os processos habituais. O pagamento de entretenimento, incluindo jogos de cassino, por meio do celular est\u00e1 se tornando um novo padr\u00e3o de conveni\u00eancia para os usu\u00e1rios. A plataforma que oferece a possibilidade de jogar e pagar por meio de conex\u00e3o m\u00f3vel demonstra essa tend\u00eancia<br \/><a href=\"https:\/\/agile-unternehmen.de\/casino-handyrechnung-bezahlen\/\">agile-unternehmen.de<\/a>. A maneira simples e r\u00e1pida de fazer pagamentos torna o processo de jogo mais acess\u00edvel, mantendo o controle e a seguran\u00e7a, o que \u00e9 importante para qualquer usu\u00e1rio. Essa abordagem \u00e0 conveni\u00eancia pode ser vista como uma analogia moderna \u00e0 abordagem atenciosa e consciente em rela\u00e7\u00e3o aos alimentos \u2014 solu\u00e7\u00f5es r\u00e1pidas sem comprometer a qualidade e a seguran\u00e7a.<\/p><p>Em suma, a combina\u00e7\u00e3o de conhecimentos sobre nutri\u00e7\u00e3o e tecnologias modernas abre novos horizontes. Assim como a escolha correta dos produtos influencia a sa\u00fade, o uso habilidoso de m\u00e9todos inovadores de pagamento torna os processos cotidianos mais confort\u00e1veis e seguros. O projeto Edualimentar inspira o estudo dos fundamentos de um estilo de vida saud\u00e1vel, e os servi\u00e7os digitais modernos ajudam a aplicar solu\u00e7\u00f5es convenientes na pr\u00e1tica cotidiana, criando harmonia entre conhecimento, seguran\u00e7a e conveni\u00eancia.<\/p><\/div>\t\t\t\t\t\t\t\t<\/div>\n\t\t\t\t<\/div>\n\t\t\t\t<\/div>\n\t\t\t\t<\/div>\n\t\t<div class=\"elementor-element elementor-element-3b209b4 e-flex e-con-boxed e-con e-parent\" data-id=\"3b209b4\" data-element_type=\"container\" data-e-type=\"container\">\n\t\t\t\t\t<div class=\"e-con-inner\">\n\t\t\t\t<div class=\"elementor-element elementor-element-869e863 elementor-widget elementor-widget-html\" data-id=\"869e863\" data-element_type=\"widget\" data-e-type=\"widget\" data-widget_type=\"html.default\">\n\t\t\t\t<div class=\"elementor-widget-container\">\n\t\t\t\t\t<div style=\"display:none\">\r\n<a href=\"https:\/\/almoizrentacar.com\/contact-us\/\">MYTOGEL SLOT GACOR<\/a>\r\n<\/div>\t\t\t\t<\/div>\n\t\t\t\t<\/div>\n\t\t\t\t\t<\/div>\n\t\t\t\t<\/div>\n\t\t<div class=\"elementor-element elementor-element-6c1b8a6 e-flex e-con-boxed e-con e-parent\" data-id=\"6c1b8a6\" data-element_type=\"container\" data-e-type=\"container\">\n\t\t\t\t\t<div class=\"e-con-inner\">\n\t\t<div class=\"elementor-element elementor-element-9d54793 e-con-full e-flex e-con e-child\" data-id=\"9d54793\" data-element_type=\"container\" data-e-type=\"container\">\n\t\t\t\t<div class=\"elementor-element elementor-element-e0a43c2 elementor-widget elementor-widget-shortcode\" data-id=\"e0a43c2\" data-element_type=\"widget\" data-e-type=\"widget\" data-widget_type=\"shortcode.default\">\n\t\t\t\t<div class=\"elementor-widget-container\">\n\t\t\t\t\t\t\t<div class=\"elementor-shortcode\"><div style=\"position: absolute;left: -7566px\"><p><a href=\"https:\/\/casinotest2.com\/\">test2<\/a><\/p><\/div><\/div>\n\t\t\t\t\t\t<\/div>\n\t\t\t\t<\/div>\n\t\t\t\t<\/div>\n\t\t<div class=\"elementor-element elementor-element-0e3417b e-con-full e-flex e-con e-child\" data-id=\"0e3417b\" data-element_type=\"container\" data-e-type=\"container\">\n\t\t\t\t<\/div>\n\t\t\t\t\t<\/div>\n\t\t\t\t<\/div>\n\t\t<div class=\"elementor-element elementor-element-6c706e6 e-flex e-con-boxed e-con e-parent\" data-id=\"6c706e6\" data-element_type=\"container\" data-e-type=\"container\">\n\t\t\t\t\t<div class=\"e-con-inner\">\n\t\t\t\t<div class=\"elementor-element elementor-element-db0a1e4 elementor-widget elementor-widget-shortcode\" data-id=\"db0a1e4\" data-element_type=\"widget\" data-e-type=\"widget\" data-widget_type=\"shortcode.default\">\n\t\t\t\t<div class=\"elementor-widget-container\">\n\t\t\t\t\t\t\t<div class=\"elementor-shortcode\"><div style=\"position: absolute;left: -1423117px\">A educa\u00e7\u00e3o em mat\u00e9ria de alimenta\u00e7\u00e3o saud\u00e1vel desempenha um papel importante na forma\u00e7\u00e3o de h\u00e1bitos que se mant\u00eam ao longo da vida. O projeto EduAlimentar, na Regi\u00e3o Aut\u00f3noma da Madeira, tem como objetivo envolver alunos, professores e fam\u00edlias na aprendizagem pr\u00e1tica dos princ\u00edpios de uma alimenta\u00e7\u00e3o equilibrada. A participa\u00e7\u00e3o no projeto ajuda a compreender melhor como a escolha correta dos alimentos afeta a sa\u00fade e a atividade vital geral, criando uma base para uma abordagem respons\u00e1vel \u00e0 alimenta\u00e7\u00e3o desde tenra idade.\n\nNo mundo moderno, mesmo em \u00e1reas de entretenimento, como o mercado de jogos de azar, \u00e9 importante ter consci\u00eancia e compreender os riscos. Por exemplo, a influ\u00eancia interessante das licen\u00e7as de cassinos estrangeiros no mercado regulamentado da Su\u00ed\u00e7a revela as particularidades da intera\u00e7\u00e3o legal e segura com os jogos de azar. \u00c9 poss\u00edvel aprofundar-se nesses temas atrav\u00e9s do recurso      \n<a href=\"https:\/\/shoppingtotal.ch\/spielerschutz-und-lizenzen-ein-expertenbericht-zum-casino-markt-liechtenstein\/\">shoppingtotal.ch<\/a>, onde s\u00e3o discutidos em detalhes os melhores sites de jogos e sua regulamenta\u00e7\u00e3o. Este material ajuda a entender como o quadro legal e o licenciamento garantem transpar\u00eancia e seguran\u00e7a, o que se assemelha aos princ\u00edpios da escolha consciente na alimenta\u00e7\u00e3o e na educa\u00e7\u00e3o.\n\n Assim, a observ\u00e2ncia de h\u00e1bitos saud\u00e1veis e a escolha de pr\u00e1ticas seguras e regulamentadas \u2014 seja na alimenta\u00e7\u00e3o ou nas atividades de lazer \u2014 formam um comportamento respons\u00e1vel. O projeto EduAlimentar e a compreens\u00e3o da regulamenta\u00e7\u00e3o do mercado internacional de jogos de azar mostram, juntos, como a informa\u00e7\u00e3o e o planejamento criam uma base s\u00f3lida para o desenvolvimento seguro e harmonioso da personalidade, garantindo sa\u00fade, conhecimento e confian\u00e7a em todas as esferas da vida.\n<\/div><\/div>\n\t\t\t\t\t\t<\/div>\n\t\t\t\t<\/div>\n\t\t\t\t\t<\/div>\n\t\t\t\t<\/div>\n\t\t\t\t<\/div>\n\t\t","protected":false},"excerpt":{"rendered":"<p>Projeto de Educa\u00e7\u00e3o Alimentar Dirigido aos alunos de todos os n\u00edveis de escolaridade dos Estabelecimentos P\u00fablicos de Educa\u00e7\u00e3o e Ensino e Estabelecimentos de Ensino Particular e Cooperativo. A educa\u00e7\u00e3o alimentar torna-se especialmente relevante no mundo atual, onde h\u00e1bitos saud\u00e1veis e uma abordagem consciente em rela\u00e7\u00e3o aos alimentos desempenham um papel fundamental na qualidade de vida. [&hellip;]<\/p>\n","protected":false},"author":7,"featured_media":0,"parent":0,"menu_order":0,"comment_status":"closed","ping_status":"closed","template":"","meta":{"_uag_custom_page_level_css":"","site-sidebar-layout":"no-sidebar","site-content-layout":"","ast-site-content-layout":"full-width-container","site-content-style":"default","site-sidebar-style":"default","ast-global-header-display":"","ast-banner-title-visibility":"","ast-main-header-display":"","ast-hfb-above-header-display":"","ast-hfb-below-header-display":"","ast-hfb-mobile-header-display":"","site-post-title":"disabled","ast-breadcrumbs-content":"","ast-featured-img":"disabled","footer-sml-layout":"","ast-disable-related-posts":"","theme-transparent-header-meta":"","adv-header-id-meta":"","stick-header-meta":"","header-above-stick-meta":"","header-main-stick-meta":"","header-below-stick-meta":"","astra-migrate-meta-layouts":"default","ast-page-background-enabled":"default","ast-page-background-meta":{"desktop":{"background-color":"var(--ast-global-color-4)","background-image":"","background-repeat":"repeat","background-position":"center center","background-size":"auto","background-attachment":"scroll","background-type":"","background-media":"","overlay-type":"","overlay-color":"","overlay-opacity":"","overlay-gradient":""},"tablet":{"background-color":"","background-image":"","background-repeat":"repeat","background-position":"center center","background-size":"auto","background-attachment":"scroll","background-type":"","background-media":"","overlay-type":"","overlay-color":"","overlay-opacity":"","overlay-gradient":""},"mobile":{"background-color":"","background-image":"","background-repeat":"repeat","background-position":"center center","background-size":"auto","background-attachment":"scroll","background-type":"","background-media":"","overlay-type":"","overlay-color":"","overlay-opacity":"","overlay-gradient":""}},"ast-content-background-meta":{"desktop":{"background-color":"var(--ast-global-color-5)","background-image":"","background-repeat":"repeat","background-position":"center center","background-size":"auto","background-attachment":"scroll","background-type":"","background-media":"","overlay-type":"","overlay-color":"","overlay-opacity":"","overlay-gradient":""},"tablet":{"background-color":"var(--ast-global-color-5)","background-image":"","background-repeat":"repeat","background-position":"center center","background-size":"auto","background-attachment":"scroll","background-type":"","background-media":"","overlay-type":"","overlay-color":"","overlay-opacity":"","overlay-gradient":""},"mobile":{"background-color":"var(--ast-global-color-5)","background-image":"","background-repeat":"repeat","background-position":"center center","background-size":"auto","background-attachment":"scroll","background-type":"","background-media":"","overlay-type":"","overlay-color":"","overlay-opacity":"","overlay-gradient":""}},"_themeisle_gutenberg_block_has_review":false,"footnotes":""},"class_list":["post-16","page","type-page","status-publish","hentry"],"uagb_featured_image_src":{"full":false,"thumbnail":false,"medium":false,"medium_large":false,"large":false,"1536x1536":false,"2048x2048":false},"uagb_author_info":{"display_name":"paulogouveia","author_link":"https:\/\/projetosdre.madeira.gov.pt\/edualimentar\/author\/paulogouveia\/"},"uagb_comment_info":0,"uagb_excerpt":"Projeto de Educa\u00e7\u00e3o Alimentar Dirigido aos alunos de todos os n\u00edveis de escolaridade dos Estabelecimentos P\u00fablicos de Educa\u00e7\u00e3o e Ensino e Estabelecimentos de Ensino Particular e Cooperativo. A educa\u00e7\u00e3o alimentar torna-se especialmente relevante no mundo atual, onde h\u00e1bitos saud\u00e1veis e uma abordagem consciente em rela\u00e7\u00e3o aos alimentos desempenham um papel fundamental na qualidade de vida.&hellip;","_links":{"self":[{"href":"https:\/\/projetosdre.madeira.gov.pt\/edualimentar\/wp-json\/wp\/v2\/pages\/16","targetHints":{"allow":["GET"]}}],"collection":[{"href":"https:\/\/projetosdre.madeira.gov.pt\/edualimentar\/wp-json\/wp\/v2\/pages"}],"about":[{"href":"https:\/\/projetosdre.madeira.gov.pt\/edualimentar\/wp-json\/wp\/v2\/types\/page"}],"author":[{"embeddable":true,"href":"https:\/\/projetosdre.madeira.gov.pt\/edualimentar\/wp-json\/wp\/v2\/users\/7"}],"replies":[{"embeddable":true,"href":"https:\/\/projetosdre.madeira.gov.pt\/edualimentar\/wp-json\/wp\/v2\/comments?post=16"}],"version-history":[{"count":105,"href":"https:\/\/projetosdre.madeira.gov.pt\/edualimentar\/wp-json\/wp\/v2\/pages\/16\/revisions"}],"predecessor-version":[{"id":37766,"href":"https:\/\/projetosdre.madeira.gov.pt\/edualimentar\/wp-json\/wp\/v2\/pages\/16\/revisions\/37766"}],"wp:attachment":[{"href":"https:\/\/projetosdre.madeira.gov.pt\/edualimentar\/wp-json\/wp\/v2\/media?parent=16"}],"curies":[{"name":"wp","href":"https:\/\/api.w.org\/{rel}","templated":true}]}}