{"id":3017,"date":"2024-02-07T13:08:26","date_gmt":"2024-02-07T13:08:26","guid":{"rendered":"https:\/\/projetosdre.madeira.gov.pt\/edualimentar\/?page_id=3017"},"modified":"2025-06-23T13:01:58","modified_gmt":"2025-06-23T12:01:58","slug":"piquenique-saudavel","status":"publish","type":"page","link":"https:\/\/projetosdre.madeira.gov.pt\/edualimentar\/piquenique-saudavel\/","title":{"rendered":"Piquenique Saud\u00e1vel"},"content":{"rendered":"\t\t<div data-elementor-type=\"wp-page\" data-elementor-id=\"3017\" class=\"elementor elementor-3017\">\n\t\t\t\t<div class=\"elementor-element elementor-element-c684f97 e-flex e-con-boxed e-con e-parent\" data-id=\"c684f97\" data-element_type=\"container\" data-e-type=\"container\">\n\t\t\t\t\t<div class=\"e-con-inner\">\n\t\t\t\t<div class=\"elementor-element elementor-element-8cc086b elementor-widget elementor-widget-heading\" data-id=\"8cc086b\" data-element_type=\"widget\" data-e-type=\"widget\" data-widget_type=\"heading.default\">\n\t\t\t\t<div class=\"elementor-widget-container\">\n\t\t\t\t\t<h2 class=\"elementor-heading-title elementor-size-default\">2024\/2025<\/h2>\t\t\t\t<\/div>\n\t\t\t\t<\/div>\n\t\t\t\t<div class=\"elementor-element elementor-element-8ed9374 elementor-widget elementor-widget-heading\" data-id=\"8ed9374\" data-element_type=\"widget\" data-e-type=\"widget\" data-widget_type=\"heading.default\">\n\t\t\t\t<div class=\"elementor-widget-container\">\n\t\t\t\t\t<h2 class=\"elementor-heading-title elementor-size-xl\">Piquenique Saud\u00e1vel<\/h2>\t\t\t\t<\/div>\n\t\t\t\t<\/div>\n\t\t\t\t\t<\/div>\n\t\t\t\t<\/div>\n\t\t<div class=\"elementor-element elementor-element-bb45daa e-flex e-con-boxed e-con e-parent\" data-id=\"bb45daa\" data-element_type=\"container\" data-e-type=\"container\">\n\t\t\t\t\t<div class=\"e-con-inner\">\n\t\t<div class=\"elementor-element elementor-element-5e05ffa e-con-full e-flex e-con e-child\" data-id=\"5e05ffa\" data-element_type=\"container\" data-e-type=\"container\">\n\t\t\t\t<div class=\"elementor-element elementor-element-321b00a elementor-widget elementor-widget-text-editor\" data-id=\"321b00a\" data-element_type=\"widget\" data-e-type=\"widget\" data-widget_type=\"text-editor.default\">\n\t\t\t\t<div class=\"elementor-widget-container\">\n\t\t\t\t\t\t\t\t\t<p data-olk-copy-source=\"MessageBody\">\u00a0<\/p><p style=\"text-align: center\" data-olk-copy-source=\"MessageBody\"><strong><span style=\"font-size: 24pt;color: #000080\" data-olk-copy-source=\"MessageBody\">18 de junho de 2025<\/span><\/strong><\/p><p style=\"text-align: center\" data-olk-copy-source=\"MessageBody\"><strong><span style=\"font-size: 24pt;color: #000080\" data-olk-copy-source=\"MessageBody\"><!--StartFragment-->Jardim da Quinta Magn\u00f3lia<\/span><\/strong><strong><span style=\"font-size: 24pt;color: #000080\" data-olk-copy-source=\"MessageBody\"><!--EndFragment--><\/span><\/strong><\/p><p style=\"text-align: center\" data-olk-copy-source=\"MessageBody\"><strong><span style=\"font-size: 24pt;color: #000080\" data-olk-copy-source=\"MessageBody\">9h30 &#8211; 12h30<\/span><\/strong><\/p><p data-olk-copy-source=\"MessageBody\"><span style=\"color: #ff6600\">O Projeto de Educa\u00e7\u00e3o Alimentar convida os alunos do 1.\u00ba<strong> ciclo do ensino b\u00e1sico<\/strong>\u00a0para um Piquenique Saud\u00e1vel, no qual se poder\u00e1 disfrutar de momentos de <strong>conv\u00edvio, divers\u00e3o e boa disposi\u00e7\u00e3o<\/strong>.<\/span><\/p><p data-olk-copy-source=\"MessageBody\"><span style=\"color: #ff6600\">Neste dia haver\u00e1<strong> diversas atividades desportivas<\/strong>, dinamizadas pela equipa da Dire\u00e7\u00e3o de Servi\u00e7os do Desporto Escolar.<\/span><\/p><p data-olk-copy-source=\"MessageBody\"><span style=\"color: #ff6600\">A abertura contar\u00e1 com um evento musical da EB1\/PE dos Ilh\u00e9us.<\/span><\/p><p data-olk-copy-source=\"MessageBody\"><span style=\"color: #ff6600\">Inscri\u00e7\u00f5es at\u00e9 <strong>11\u00a0de junho<\/strong>.<\/span><\/p>\t\t\t\t\t\t\t\t<\/div>\n\t\t\t\t<\/div>\n\t\t\t\t<div class=\"elementor-element elementor-element-d995490 elementor-align-center elementor-widget elementor-widget-button\" data-id=\"d995490\" data-element_type=\"widget\" data-e-type=\"widget\" data-widget_type=\"button.default\">\n\t\t\t\t<div class=\"elementor-widget-container\">\n\t\t\t\t\t\t\t\t\t<div class=\"elementor-button-wrapper\">\n\t\t\t\t\t<a class=\"elementor-button elementor-button-link elementor-size-sm\" href=\"https:\/\/teducativas.madeira.gov.pt\/s\/piquenique\" target=\"_blank\">\n\t\t\t\t\t\t<span class=\"elementor-button-content-wrapper\">\n\t\t\t\t\t\t\t\t\t<span class=\"elementor-button-text\">Inscri\u00e7\u00f5es<\/span>\n\t\t\t\t\t<\/span>\n\t\t\t\t\t<\/a>\n\t\t\t\t<\/div>\n\t\t\t\t\t\t\t\t<\/div>\n\t\t\t\t<\/div>\n\t\t\t\t<\/div>\n\t\t<div class=\"elementor-element elementor-element-f1be082 e-con-full e-flex e-con e-child\" data-id=\"f1be082\" data-element_type=\"container\" data-e-type=\"container\">\n\t\t\t\t<div class=\"elementor-element elementor-element-a5ca1b3 elementor-widget elementor-widget-image\" data-id=\"a5ca1b3\" data-element_type=\"widget\" data-e-type=\"widget\" data-widget_type=\"image.default\">\n\t\t\t\t<div class=\"elementor-widget-container\">\n\t\t\t\t\t\t\t\t\t\t\t\t\t\t\t\t<a href=\"https:\/\/projetosdre.madeira.gov.pt\/edualimentar\/wp-content\/uploads\/sites\/2\/2025\/05\/cartaz_piq_saud_1C_18Jun2025.png\" target=\"_blank\">\n\t\t\t\t\t\t\t<img fetchpriority=\"high\" decoding=\"async\" width=\"1024\" height=\"1024\" src=\"https:\/\/projetosdre.madeira.gov.pt\/edualimentar\/wp-content\/uploads\/sites\/2\/2025\/05\/cartaz_piq_saud_1C_18Jun2025-1024x1024.png\" class=\"attachment-large size-large wp-image-3256\" alt=\"\" srcset=\"https:\/\/projetosdre.madeira.gov.pt\/edualimentar\/wp-content\/uploads\/sites\/2\/2025\/05\/cartaz_piq_saud_1C_18Jun2025-1024x1024.png 1024w, https:\/\/projetosdre.madeira.gov.pt\/edualimentar\/wp-content\/uploads\/sites\/2\/2025\/05\/cartaz_piq_saud_1C_18Jun2025-300x300.png 300w, https:\/\/projetosdre.madeira.gov.pt\/edualimentar\/wp-content\/uploads\/sites\/2\/2025\/05\/cartaz_piq_saud_1C_18Jun2025-150x150.png 150w, https:\/\/projetosdre.madeira.gov.pt\/edualimentar\/wp-content\/uploads\/sites\/2\/2025\/05\/cartaz_piq_saud_1C_18Jun2025-768x768.png 768w, https:\/\/projetosdre.madeira.gov.pt\/edualimentar\/wp-content\/uploads\/sites\/2\/2025\/05\/cartaz_piq_saud_1C_18Jun2025.png 1080w\" sizes=\"(max-width: 1024px) 100vw, 1024px\" \/>\t\t\t\t\t\t\t\t<\/a>\n\t\t\t\t\t\t\t\t\t\t\t\t\t\t\t<\/div>\n\t\t\t\t<\/div>\n\t\t\t\t<div class=\"elementor-element elementor-element-4223f01 elementor-widget elementor-widget-image\" data-id=\"4223f01\" data-element_type=\"widget\" data-e-type=\"widget\" data-widget_type=\"image.default\">\n\t\t\t\t<div class=\"elementor-widget-container\">\n\t\t\t\t\t\t\t\t\t\t\t\t\t\t\t<img decoding=\"async\" width=\"1024\" height=\"1024\" src=\"https:\/\/projetosdre.madeira.gov.pt\/edualimentar\/wp-content\/uploads\/sites\/2\/2025\/05\/programa_piq_saud_1C_18Jun2025-1024x1024.png\" class=\"attachment-large size-large wp-image-3263\" alt=\"\" srcset=\"https:\/\/projetosdre.madeira.gov.pt\/edualimentar\/wp-content\/uploads\/sites\/2\/2025\/05\/programa_piq_saud_1C_18Jun2025-1024x1024.png 1024w, https:\/\/projetosdre.madeira.gov.pt\/edualimentar\/wp-content\/uploads\/sites\/2\/2025\/05\/programa_piq_saud_1C_18Jun2025-300x300.png 300w, https:\/\/projetosdre.madeira.gov.pt\/edualimentar\/wp-content\/uploads\/sites\/2\/2025\/05\/programa_piq_saud_1C_18Jun2025-150x150.png 150w, https:\/\/projetosdre.madeira.gov.pt\/edualimentar\/wp-content\/uploads\/sites\/2\/2025\/05\/programa_piq_saud_1C_18Jun2025-768x768.png 768w, https:\/\/projetosdre.madeira.gov.pt\/edualimentar\/wp-content\/uploads\/sites\/2\/2025\/05\/programa_piq_saud_1C_18Jun2025.png 1080w\" sizes=\"(max-width: 1024px) 100vw, 1024px\" \/>\t\t\t\t\t\t\t\t\t\t\t\t\t\t\t<\/div>\n\t\t\t\t<\/div>\n\t\t\t\t<\/div>\n\t\t\t\t\t<\/div>\n\t\t\t\t<\/div>\n\t\t<div class=\"elementor-element elementor-element-a4daaf2 e-flex e-con-boxed e-con e-parent\" data-id=\"a4daaf2\" data-element_type=\"container\" data-e-type=\"container\">\n\t\t\t\t\t<div class=\"e-con-inner\">\n\t\t\t\t<div class=\"elementor-element elementor-element-896d934 elementor-widget elementor-widget-video\" data-id=\"896d934\" data-element_type=\"widget\" data-e-type=\"widget\" data-settings=\"{&quot;youtube_url&quot;:&quot;https:\\\/\\\/youtu.be\\\/mF-dGg1gbew&quot;,&quot;video_type&quot;:&quot;youtube&quot;,&quot;controls&quot;:&quot;yes&quot;}\" data-widget_type=\"video.default\">\n\t\t\t\t<div class=\"elementor-widget-container\">\n\t\t\t\t\t\t\t<div class=\"elementor-wrapper elementor-open-inline\">\n\t\t\t<div class=\"elementor-video\"><\/div>\t\t<\/div>\n\t\t\t\t\t\t<\/div>\n\t\t\t\t<\/div>\n\t\t\t\t\t<\/div>\n\t\t\t\t<\/div>\n\t\t<div class=\"elementor-element elementor-element-cc765f8 e-flex e-con-boxed e-con e-parent\" data-id=\"cc765f8\" data-element_type=\"container\" data-e-type=\"container\">\n\t\t\t\t\t<div class=\"e-con-inner\">\n\t\t\t\t<div class=\"elementor-element elementor-element-8a17457 elementor-widget elementor-widget-video\" data-id=\"8a17457\" data-element_type=\"widget\" data-e-type=\"widget\" data-settings=\"{&quot;youtube_url&quot;:&quot;https:\\\/\\\/youtube.com\\\/shorts\\\/iaroorphoxo&quot;,&quot;video_type&quot;:&quot;youtube&quot;,&quot;controls&quot;:&quot;yes&quot;}\" data-widget_type=\"video.default\">\n\t\t\t\t<div class=\"elementor-widget-container\">\n\t\t\t\t\t\t\t<div class=\"elementor-wrapper elementor-open-inline\">\n\t\t\t<div class=\"elementor-video\"><\/div>\t\t<\/div>\n\t\t\t\t\t\t<\/div>\n\t\t\t\t<\/div>\n\t\t\t\t\t<\/div>\n\t\t\t\t<\/div>\n\t\t<div class=\"elementor-element elementor-element-0f88a32 e-flex e-con-boxed e-con e-parent\" data-id=\"0f88a32\" data-element_type=\"container\" data-e-type=\"container\">\n\t\t\t\t\t<div class=\"e-con-inner\">\n\t\t\t\t<div class=\"elementor-element elementor-element-b804058 elementor-widget elementor-widget-heading\" data-id=\"b804058\" data-element_type=\"widget\" data-e-type=\"widget\" data-widget_type=\"heading.default\">\n\t\t\t\t<div class=\"elementor-widget-container\">\n\t\t\t\t\t<h2 class=\"elementor-heading-title elementor-size-default\">2023\/2024<\/h2>\t\t\t\t<\/div>\n\t\t\t\t<\/div>\n\t\t\t\t\t<\/div>\n\t\t\t\t<\/div>\n\t\t<div class=\"elementor-element elementor-element-6818ee0 e-flex e-con-boxed e-con e-parent\" data-id=\"6818ee0\" data-element_type=\"container\" data-e-type=\"container\">\n\t\t\t\t\t<div class=\"e-con-inner\">\n\t\t<div class=\"elementor-element elementor-element-6185ef7 e-con-full e-flex e-con e-child\" data-id=\"6185ef7\" data-element_type=\"container\" data-e-type=\"container\">\n\t\t\t\t<div class=\"elementor-element elementor-element-0b988f5 elementor-widget elementor-widget-image\" data-id=\"0b988f5\" data-element_type=\"widget\" data-e-type=\"widget\" data-widget_type=\"image.default\">\n\t\t\t\t<div class=\"elementor-widget-container\">\n\t\t\t\t\t\t\t\t\t\t\t\t\t\t\t\t<a href=\"https:\/\/forms.office.com\/e\/8j2EgeB6VQ\">\n\t\t\t\t\t\t\t<img decoding=\"async\" width=\"1024\" height=\"610\" src=\"https:\/\/projetosdre.madeira.gov.pt\/edualimentar\/wp-content\/uploads\/sites\/2\/2024\/02\/piquenique_site_inscr-1024x610.png\" class=\"attachment-large size-large wp-image-3033\" alt=\"\" srcset=\"https:\/\/projetosdre.madeira.gov.pt\/edualimentar\/wp-content\/uploads\/sites\/2\/2024\/02\/piquenique_site_inscr-1024x610.png 1024w, https:\/\/projetosdre.madeira.gov.pt\/edualimentar\/wp-content\/uploads\/sites\/2\/2024\/02\/piquenique_site_inscr-300x179.png 300w, https:\/\/projetosdre.madeira.gov.pt\/edualimentar\/wp-content\/uploads\/sites\/2\/2024\/02\/piquenique_site_inscr-768x457.png 768w, https:\/\/projetosdre.madeira.gov.pt\/edualimentar\/wp-content\/uploads\/sites\/2\/2024\/02\/piquenique_site_inscr-1536x915.png 1536w, https:\/\/projetosdre.madeira.gov.pt\/edualimentar\/wp-content\/uploads\/sites\/2\/2024\/02\/piquenique_site_inscr-2048x1219.png 2048w\" sizes=\"(max-width: 1024px) 100vw, 1024px\" \/>\t\t\t\t\t\t\t\t<\/a>\n\t\t\t\t\t\t\t\t\t\t\t\t\t\t\t<\/div>\n\t\t\t\t<\/div>\n\t\t\t\t<\/div>\n\t\t<div class=\"elementor-element elementor-element-c1fca79 e-con-full e-flex e-con e-child\" data-id=\"c1fca79\" data-element_type=\"container\" data-e-type=\"container\">\n\t\t<div class=\"elementor-element elementor-element-f9c512b e-flex e-con-boxed e-con e-child\" data-id=\"f9c512b\" data-element_type=\"container\" data-e-type=\"container\">\n\t\t\t\t\t<div class=\"e-con-inner\">\n\t\t\t\t<div class=\"elementor-element elementor-element-fc8208e elementor-widget elementor-widget-text-editor\" data-id=\"fc8208e\" data-element_type=\"widget\" data-e-type=\"widget\" data-widget_type=\"text-editor.default\">\n\t\t\t\t<div class=\"elementor-widget-container\">\n\t\t\t\t\t\t\t\t\t<p><span style=\"font-size: 18pt\"><strong><span style=\"color: #ff6600\">\u00a0<\/span><\/strong><\/span><\/p><p><strong style=\"font-size: 18pt;font-style: inherit;color: var( --e-global-color-text );font-family: var( --e-global-typography-text-font-family ), Sans-serif;text-align: var(--text-align);background-color: var(--ast-global-color-5)\"><span style=\"color: #ff6600\">Inscri\u00e7\u00f5es encerradas<\/span><\/strong><\/p><p><span style=\"color: #ff6600\">Estando ainda a decorrer o per\u00edodo para inscri\u00e7\u00e3o no Piquenique Saud\u00e1vel, lamentamos informar que as inscri\u00e7\u00f5es encontram-se encerradas, por se ter atingido o limite de participantes para o evento.<\/span><\/p><p><span style=\"color: #ff6600\"> Agradecemos a vossa compreens\u00e3o.<\/span><\/p>\t\t\t\t\t\t\t\t<\/div>\n\t\t\t\t<\/div>\n\t\t\t\t\t<\/div>\n\t\t\t\t<\/div>\n\t\t\t\t<\/div>\n\t\t\t\t\t<\/div>\n\t\t\t\t<\/div>\n\t\t<div class=\"elementor-element elementor-element-3b958c0 e-flex e-con-boxed e-con e-parent\" data-id=\"3b958c0\" data-element_type=\"container\" data-e-type=\"container\">\n\t\t\t\t\t<div class=\"e-con-inner\">\n\t\t<div class=\"elementor-element elementor-element-a0724e3 e-con-full e-flex e-con e-child\" data-id=\"a0724e3\" data-element_type=\"container\" data-e-type=\"container\">\n\t\t\t\t<\/div>\n\t\t<div class=\"elementor-element elementor-element-028cf33 e-con-full e-flex e-con e-child\" data-id=\"028cf33\" data-element_type=\"container\" data-e-type=\"container\">\n\t\t\t\t<div class=\"elementor-element elementor-element-e7e6e63 elementor-widget elementor-widget-text-editor\" data-id=\"e7e6e63\" data-element_type=\"widget\" data-e-type=\"widget\" data-widget_type=\"text-editor.default\">\n\t\t\t\t<div class=\"elementor-widget-container\">\n\t\t\t\t\t\t\t\t\t<p>O Piquenique Saud\u00e1vel \u00e9 uma iniciativa dirigida \u00e0s crian\u00e7as do pr\u00e9-escolar e aos alunos do 1.\u00ba ciclo do ensino b\u00e1sico.<\/p><p>Realizar-se-\u00e1 dia 19 de abril, nos Jardins do Lido, das 9h \u00e0s 12h.<\/p><p>Contar\u00e1 com a colabora\u00e7\u00e3o, na dinamiza\u00e7\u00e3o de atividades desportivas, da equipa da Dire\u00e7\u00e3o de Servi\u00e7os do Desporto Escolar.<\/p><p>Clique na imagem para aceder ao formul\u00e1rio de inscri\u00e7\u00e3o<span style=\"font-style: inherit;font-weight: inherit;color: var( --e-global-color-text );font-family: var( --e-global-typography-text-font-family ), Sans-serif;text-align: var(--text-align);background-color: var(--ast-global-color-5)\">\u00a0neste evento.<\/span><\/p>\t\t\t\t\t\t\t\t<\/div>\n\t\t\t\t<\/div>\n\t\t\t\t<\/div>\n\t\t\t\t\t<\/div>\n\t\t\t\t<\/div>\n\t\t<div class=\"elementor-element elementor-element-076fcf6 e-flex e-con-boxed e-con e-parent\" data-id=\"076fcf6\" data-element_type=\"container\" data-e-type=\"container\">\n\t\t\t\t\t<div class=\"e-con-inner\">\n\t\t\t\t<div class=\"elementor-element elementor-element-66a98bd elementor-widget elementor-widget-video\" data-id=\"66a98bd\" data-element_type=\"widget\" data-e-type=\"widget\" data-settings=\"{&quot;youtube_url&quot;:&quot;https:\\\/\\\/youtu.be\\\/-DuPq_DdLb8?si=ciiRN6NHYgVXE0pV&quot;,&quot;video_type&quot;:&quot;youtube&quot;,&quot;controls&quot;:&quot;yes&quot;}\" data-widget_type=\"video.default\">\n\t\t\t\t<div class=\"elementor-widget-container\">\n\t\t\t\t\t\t\t<div class=\"elementor-wrapper elementor-open-inline\">\n\t\t\t<div class=\"elementor-video\"><\/div>\t\t<\/div>\n\t\t\t\t\t\t<\/div>\n\t\t\t\t<\/div>\n\t\t\t\t<div class=\"elementor-element elementor-element-80ca04b elementor-widget elementor-widget-image\" data-id=\"80ca04b\" data-element_type=\"widget\" data-e-type=\"widget\" data-widget_type=\"image.default\">\n\t\t\t\t<div class=\"elementor-widget-container\">\n\t\t\t\t\t\t\t\t\t\t\t\t\t\t\t<img loading=\"lazy\" decoding=\"async\" width=\"724\" height=\"1024\" src=\"https:\/\/projetosdre.madeira.gov.pt\/edualimentar\/wp-content\/uploads\/sites\/2\/2024\/02\/programa_piquenique-724x1024.png\" class=\"attachment-large size-large wp-image-3051\" alt=\"\" srcset=\"https:\/\/projetosdre.madeira.gov.pt\/edualimentar\/wp-content\/uploads\/sites\/2\/2024\/02\/programa_piquenique-724x1024.png 724w, https:\/\/projetosdre.madeira.gov.pt\/edualimentar\/wp-content\/uploads\/sites\/2\/2024\/02\/programa_piquenique-212x300.png 212w, https:\/\/projetosdre.madeira.gov.pt\/edualimentar\/wp-content\/uploads\/sites\/2\/2024\/02\/programa_piquenique-768x1086.png 768w, https:\/\/projetosdre.madeira.gov.pt\/edualimentar\/wp-content\/uploads\/sites\/2\/2024\/02\/programa_piquenique-1086x1536.png 1086w, https:\/\/projetosdre.madeira.gov.pt\/edualimentar\/wp-content\/uploads\/sites\/2\/2024\/02\/programa_piquenique-1449x2048.png 1449w\" sizes=\"(max-width: 724px) 100vw, 724px\" \/>\t\t\t\t\t\t\t\t\t\t\t\t\t\t\t<\/div>\n\t\t\t\t<\/div>\n\t\t\t\t\t<\/div>\n\t\t\t\t<\/div>\n\t\t<div class=\"elementor-element elementor-element-a1585e2 e-flex e-con-boxed e-con e-parent\" data-id=\"a1585e2\" data-element_type=\"container\" data-e-type=\"container\">\n\t\t\t\t\t<div class=\"e-con-inner\">\n\t\t<div class=\"elementor-element elementor-element-23eaa36 e-con-full e-flex e-con e-child\" data-id=\"23eaa36\" data-element_type=\"container\" data-e-type=\"container\">\n\t\t\t\t<\/div>\n\t\t<div class=\"elementor-element elementor-element-a861d65 e-con-full e-flex e-con e-child\" data-id=\"a861d65\" data-element_type=\"container\" data-e-type=\"container\">\n\t\t\t\t<div class=\"elementor-element elementor-element-20303cd elementor-widget elementor-widget-heading\" data-id=\"20303cd\" data-element_type=\"widget\" data-e-type=\"widget\" data-widget_type=\"heading.default\">\n\t\t\t\t<div class=\"elementor-widget-container\">\n\t\t\t\t\t<h2 class=\"elementor-heading-title elementor-size-default\">\n\n\nApoio<\/h2>\t\t\t\t<\/div>\n\t\t\t\t<\/div>\n\t\t\t\t<\/div>\n\t\t<div class=\"elementor-element elementor-element-55a761b e-con-full e-flex e-con e-child\" data-id=\"55a761b\" data-element_type=\"container\" data-e-type=\"container\">\n\t\t\t\t<\/div>\n\t\t\t\t\t<\/div>\n\t\t\t\t<\/div>\n\t\t<div class=\"elementor-element elementor-element-004919f e-flex e-con-boxed e-con e-parent\" data-id=\"004919f\" data-element_type=\"container\" data-e-type=\"container\">\n\t\t\t\t\t<div class=\"e-con-inner\">\n\t\t<div class=\"elementor-element elementor-element-5c451c1 e-con-full e-flex e-con e-child\" data-id=\"5c451c1\" data-element_type=\"container\" data-e-type=\"container\">\n\t\t\t\t<\/div>\n\t\t<div class=\"elementor-element elementor-element-6bcc686 e-con-full e-flex e-con e-child\" data-id=\"6bcc686\" data-element_type=\"container\" data-e-type=\"container\">\n\t\t\t\t<div class=\"elementor-element elementor-element-36eb7c8 elementor-widget elementor-widget-image\" data-id=\"36eb7c8\" data-element_type=\"widget\" data-e-type=\"widget\" data-widget_type=\"image.default\">\n\t\t\t\t<div class=\"elementor-widget-container\">\n\t\t\t\t\t\t\t\t\t\t\t\t\t\t\t<img loading=\"lazy\" decoding=\"async\" width=\"300\" height=\"186\" src=\"https:\/\/projetosdre.madeira.gov.pt\/edualimentar\/wp-content\/uploads\/sites\/2\/2024\/03\/ECM-01-300x186.png\" class=\"attachment-medium size-medium wp-image-3070\" alt=\"\" srcset=\"https:\/\/projetosdre.madeira.gov.pt\/edualimentar\/wp-content\/uploads\/sites\/2\/2024\/03\/ECM-01-300x186.png 300w, https:\/\/projetosdre.madeira.gov.pt\/edualimentar\/wp-content\/uploads\/sites\/2\/2024\/03\/ECM-01.png 766w\" sizes=\"(max-width: 300px) 100vw, 300px\" \/>\t\t\t\t\t\t\t\t\t\t\t\t\t\t\t<\/div>\n\t\t\t\t<\/div>\n\t\t\t\t<\/div>\n\t\t<div class=\"elementor-element elementor-element-a891c73 e-con-full e-flex e-con e-child\" data-id=\"a891c73\" data-element_type=\"container\" data-e-type=\"container\">\n\t\t\t\t<\/div>\n\t\t\t\t\t<\/div>\n\t\t\t\t<\/div>\n\t\t\t\t<\/div>\n\t\t","protected":false},"excerpt":{"rendered":"<p>2024\/2025 Piquenique Saud\u00e1vel \u00a0 18 de junho de 2025 Jardim da Quinta Magn\u00f3lia 9h30 &#8211; 12h30 O Projeto de Educa\u00e7\u00e3o Alimentar convida os alunos do 1.\u00ba ciclo do ensino b\u00e1sico\u00a0para um Piquenique Saud\u00e1vel, no qual se poder\u00e1 disfrutar de momentos de conv\u00edvio, divers\u00e3o e boa disposi\u00e7\u00e3o. Neste dia haver\u00e1 diversas atividades desportivas, dinamizadas pela equipa [&hellip;]<\/p>\n","protected":false},"author":8,"featured_media":0,"parent":0,"menu_order":0,"comment_status":"closed","ping_status":"closed","template":"","meta":{"_uag_custom_page_level_css":"","site-sidebar-layout":"no-sidebar","site-content-layout":"","ast-site-content-layout":"full-width-container","site-content-style":"default","site-sidebar-style":"default","ast-global-header-display":"","ast-banner-title-visibility":"","ast-main-header-display":"","ast-hfb-above-header-display":"","ast-hfb-below-header-display":"","ast-hfb-mobile-header-display":"","site-post-title":"disabled","ast-breadcrumbs-content":"","ast-featured-img":"disabled","footer-sml-layout":"","ast-disable-related-posts":"","theme-transparent-header-meta":"","adv-header-id-meta":"","stick-header-meta":"","header-above-stick-meta":"","header-main-stick-meta":"","header-below-stick-meta":"","astra-migrate-meta-layouts":"default","ast-page-background-enabled":"default","ast-page-background-meta":{"desktop":{"background-color":"var(--ast-global-color-4)","background-image":"","background-repeat":"repeat","background-position":"center center","background-size":"auto","background-attachment":"scroll","background-type":"","background-media":"","overlay-type":"","overlay-color":"","overlay-opacity":"","overlay-gradient":""},"tablet":{"background-color":"","background-image":"","background-repeat":"repeat","background-position":"center center","background-size":"auto","background-attachment":"scroll","background-type":"","background-media":"","overlay-type":"","overlay-color":"","overlay-opacity":"","overlay-gradient":""},"mobile":{"background-color":"","background-image":"","background-repeat":"repeat","background-position":"center center","background-size":"auto","background-attachment":"scroll","background-type":"","background-media":"","overlay-type":"","overlay-color":"","overlay-opacity":"","overlay-gradient":""}},"ast-content-background-meta":{"desktop":{"background-color":"var(--ast-global-color-5)","background-image":"","background-repeat":"repeat","background-position":"center center","background-size":"auto","background-attachment":"scroll","background-type":"","background-media":"","overlay-type":"","overlay-color":"","overlay-opacity":"","overlay-gradient":""},"tablet":{"background-color":"var(--ast-global-color-5)","background-image":"","background-repeat":"repeat","background-position":"center center","background-size":"auto","background-attachment":"scroll","background-type":"","background-media":"","overlay-type":"","overlay-color":"","overlay-opacity":"","overlay-gradient":""},"mobile":{"background-color":"var(--ast-global-color-5)","background-image":"","background-repeat":"repeat","background-position":"center center","background-size":"auto","background-attachment":"scroll","background-type":"","background-media":"","overlay-type":"","overlay-color":"","overlay-opacity":"","overlay-gradient":""}},"_themeisle_gutenberg_block_has_review":false,"footnotes":""},"class_list":["post-3017","page","type-page","status-publish","hentry"],"uagb_featured_image_src":{"full":false,"thumbnail":false,"medium":false,"medium_large":false,"large":false,"1536x1536":false,"2048x2048":false},"uagb_author_info":{"display_name":"EAlimentar DRE","author_link":"https:\/\/projetosdre.madeira.gov.pt\/edualimentar\/author\/edual\/"},"uagb_comment_info":0,"uagb_excerpt":"2024\/2025 Piquenique Saud\u00e1vel \u00a0 18 de junho de 2025 Jardim da Quinta Magn\u00f3lia 9h30 &#8211; 12h30 O Projeto de Educa\u00e7\u00e3o Alimentar convida os alunos do 1.\u00ba ciclo do ensino b\u00e1sico\u00a0para um Piquenique Saud\u00e1vel, no qual se poder\u00e1 disfrutar de momentos de conv\u00edvio, divers\u00e3o e boa disposi\u00e7\u00e3o. Neste dia haver\u00e1 diversas atividades desportivas, dinamizadas pela equipa&hellip;","_links":{"self":[{"href":"https:\/\/projetosdre.madeira.gov.pt\/edualimentar\/wp-json\/wp\/v2\/pages\/3017","targetHints":{"allow":["GET"]}}],"collection":[{"href":"https:\/\/projetosdre.madeira.gov.pt\/edualimentar\/wp-json\/wp\/v2\/pages"}],"about":[{"href":"https:\/\/projetosdre.madeira.gov.pt\/edualimentar\/wp-json\/wp\/v2\/types\/page"}],"author":[{"embeddable":true,"href":"https:\/\/projetosdre.madeira.gov.pt\/edualimentar\/wp-json\/wp\/v2\/users\/8"}],"replies":[{"embeddable":true,"href":"https:\/\/projetosdre.madeira.gov.pt\/edualimentar\/wp-json\/wp\/v2\/comments?post=3017"}],"version-history":[{"count":74,"href":"https:\/\/projetosdre.madeira.gov.pt\/edualimentar\/wp-json\/wp\/v2\/pages\/3017\/revisions"}],"predecessor-version":[{"id":3276,"href":"https:\/\/projetosdre.madeira.gov.pt\/edualimentar\/wp-json\/wp\/v2\/pages\/3017\/revisions\/3276"}],"wp:attachment":[{"href":"https:\/\/projetosdre.madeira.gov.pt\/edualimentar\/wp-json\/wp\/v2\/media?parent=3017"}],"curies":[{"name":"wp","href":"https:\/\/api.w.org\/{rel}","templated":true}]}}