{"id":4,"date":"2021-02-03T04:00:01","date_gmt":"2021-02-03T04:00:01","guid":{"rendered":"https:\/\/projetosdre.madeira.gov.pt\/pbaudeleitura\/home\/"},"modified":"2024-10-23T07:50:11","modified_gmt":"2024-10-23T07:50:11","slug":"home","status":"publish","type":"page","link":"https:\/\/projetosdre.madeira.gov.pt\/pbaudeleitura\/","title":{"rendered":"Home"},"content":{"rendered":"\t\t<div data-elementor-type=\"wp-page\" data-elementor-id=\"4\" class=\"elementor elementor-4\">\n\t\t\t\t\t\t<section class=\"elementor-section elementor-top-section elementor-element elementor-element-b860b60 elementor-section-boxed elementor-section-height-default elementor-section-height-default\" data-id=\"b860b60\" data-element_type=\"section\" data-e-type=\"section\" id=\"herowall\" data-settings=\"{&quot;background_background&quot;:&quot;classic&quot;}\">\n\t\t\t\t\t\t\t<div class=\"elementor-background-overlay\"><\/div>\n\t\t\t\t\t\t\t<div class=\"elementor-container elementor-column-gap-no\">\n\t\t\t\t\t<div class=\"elementor-column elementor-col-100 elementor-top-column elementor-element elementor-element-ecbdf62\" data-id=\"ecbdf62\" data-element_type=\"column\" data-e-type=\"column\">\n\t\t\t<div class=\"elementor-widget-wrap elementor-element-populated\">\n\t\t\t\t\t\t<div class=\"elementor-element elementor-element-3d91290 elementor-widget elementor-widget-heading\" data-id=\"3d91290\" data-element_type=\"widget\" data-e-type=\"widget\" data-widget_type=\"heading.default\">\n\t\t\t\t<div class=\"elementor-widget-container\">\n\t\t\t\t\t<h1 class=\"elementor-heading-title elementor-size-default\">Projeto Ba\u00fa de Leitura<\/h1>\t\t\t\t<\/div>\n\t\t\t\t<\/div>\n\t\t\t\t<div class=\"elementor-element elementor-element-54a9f72 elementor-widget elementor-widget-text-editor\" data-id=\"54a9f72\" data-element_type=\"widget\" data-e-type=\"widget\" data-widget_type=\"text-editor.default\">\n\t\t\t\t<div class=\"elementor-widget-container\">\n\t\t\t\t\t\t\t\t\t<p><span style=\"color: #999999\">A cativar leitores desde 2001<\/span><\/p>\t\t\t\t\t\t\t\t<\/div>\n\t\t\t\t<\/div>\n\t\t\t\t<div class=\"elementor-element elementor-element-a283573 elementor-widget elementor-widget-heading\" data-id=\"a283573\" data-element_type=\"widget\" data-e-type=\"widget\" data-widget_type=\"heading.default\">\n\t\t\t\t<div class=\"elementor-widget-container\">\n\t\t\t\t\t<h6 class=\"elementor-heading-title elementor-size-default\">o Projeto<\/h6>\t\t\t\t<\/div>\n\t\t\t\t<\/div>\n\t\t\t\t<div class=\"elementor-element elementor-element-5826f16 elementor-widget elementor-widget-text-editor\" data-id=\"5826f16\" data-element_type=\"widget\" data-e-type=\"widget\" data-widget_type=\"text-editor.default\">\n\t\t\t\t<div class=\"elementor-widget-container\">\n\t\t\t\t\t\t\t\t\t<p>\u00c9 tutelado pela Secretaria Regional de Educa\u00e7\u00e3o, Ci\u00eancia e Tecnologia, em particular pela Dire\u00e7\u00e3o Regional de Educa\u00e7\u00e3o. Insere-se no panorama educacional como um projeto de promo\u00e7\u00e3o da literacia junto dos alunos de todos os n\u00edveis de ensino da Regi\u00e3o Aut\u00f3noma da Madeira &#8211; Portugal.<\/p>\t\t\t\t\t\t\t\t<\/div>\n\t\t\t\t<\/div>\n\t\t\t\t\t<\/div>\n\t\t<\/div>\n\t\t\t\t\t<\/div>\n\t\t<\/section>\n\t\t\t\t<\/div>\n\t\t","protected":false},"excerpt":{"rendered":"<p>Projeto Ba\u00fa de Leitura A cativar leitores desde 2001 o Projeto \u00c9 tutelado pela Secretaria Regional de Educa\u00e7\u00e3o, Ci\u00eancia e Tecnologia, em particular pela Dire\u00e7\u00e3o Regional de Educa\u00e7\u00e3o. Insere-se no panorama educacional como um projeto de promo\u00e7\u00e3o da literacia junto dos alunos de todos os n\u00edveis de ensino da Regi\u00e3o Aut\u00f3noma da Madeira &#8211; Portugal.<\/p>\n","protected":false},"author":7,"featured_media":0,"parent":0,"menu_order":0,"comment_status":"closed","ping_status":"closed","template":"","meta":{"_uag_custom_page_level_css":"","site-sidebar-layout":"no-sidebar","site-content-layout":"page-builder","ast-site-content-layout":"default","site-content-style":"default","site-sidebar-style":"default","ast-global-header-display":"","ast-banner-title-visibility":"","ast-main-header-display":"","ast-hfb-above-header-display":"","ast-hfb-below-header-display":"","ast-hfb-mobile-header-display":"","site-post-title":"disabled","ast-breadcrumbs-content":"","ast-featured-img":"disabled","footer-sml-layout":"","ast-disable-related-posts":"","theme-transparent-header-meta":"enabled","adv-header-id-meta":"","stick-header-meta":"","header-above-stick-meta":"","header-main-stick-meta":"","header-below-stick-meta":"","astra-migrate-meta-layouts":"default","ast-page-background-enabled":"default","ast-page-background-meta":{"desktop":{"background-color":"","background-image":"","background-repeat":"repeat","background-position":"center center","background-size":"auto","background-attachment":"scroll","background-type":"","background-media":"","overlay-type":"","overlay-color":"","overlay-opacity":"","overlay-gradient":""},"tablet":{"background-color":"","background-image":"","background-repeat":"repeat","background-position":"center center","background-size":"auto","background-attachment":"scroll","background-type":"","background-media":"","overlay-type":"","overlay-color":"","overlay-opacity":"","overlay-gradient":""},"mobile":{"background-color":"","background-image":"","background-repeat":"repeat","background-position":"center center","background-size":"auto","background-attachment":"scroll","background-type":"","background-media":"","overlay-type":"","overlay-color":"","overlay-opacity":"","overlay-gradient":""}},"ast-content-background-meta":{"desktop":{"background-color":"var(--ast-global-color-5)","background-image":"","background-repeat":"repeat","background-position":"center center","background-size":"auto","background-attachment":"scroll","background-type":"","background-media":"","overlay-type":"","overlay-color":"","overlay-opacity":"","overlay-gradient":""},"tablet":{"background-color":"var(--ast-global-color-5)","background-image":"","background-repeat":"repeat","background-position":"center center","background-size":"auto","background-attachment":"scroll","background-type":"","background-media":"","overlay-type":"","overlay-color":"","overlay-opacity":"","overlay-gradient":""},"mobile":{"background-color":"var(--ast-global-color-5)","background-image":"","background-repeat":"repeat","background-position":"center center","background-size":"auto","background-attachment":"scroll","background-type":"","background-media":"","overlay-type":"","overlay-color":"","overlay-opacity":"","overlay-gradient":""}},"_themeisle_gutenberg_block_has_review":false,"footnotes":""},"class_list":["post-4","page","type-page","status-publish","hentry"],"uagb_featured_image_src":{"full":false,"thumbnail":false,"medium":false,"medium_large":false,"large":false,"1536x1536":false,"2048x2048":false},"uagb_author_info":{"display_name":"paulogouveia","author_link":"https:\/\/projetosdre.madeira.gov.pt\/pbaudeleitura\/author\/paulogouveia\/"},"uagb_comment_info":0,"uagb_excerpt":"Projeto Ba\u00fa de Leitura A cativar leitores desde 2001 o Projeto \u00c9 tutelado pela Secretaria Regional de Educa\u00e7\u00e3o, Ci\u00eancia e Tecnologia, em particular pela Dire\u00e7\u00e3o Regional de Educa\u00e7\u00e3o. Insere-se no panorama educacional como um projeto de promo\u00e7\u00e3o da literacia junto dos alunos de todos os n\u00edveis de ensino da Regi\u00e3o Aut\u00f3noma da Madeira &#8211; Portugal.","_links":{"self":[{"href":"https:\/\/projetosdre.madeira.gov.pt\/pbaudeleitura\/wp-json\/wp\/v2\/pages\/4","targetHints":{"allow":["GET"]}}],"collection":[{"href":"https:\/\/projetosdre.madeira.gov.pt\/pbaudeleitura\/wp-json\/wp\/v2\/pages"}],"about":[{"href":"https:\/\/projetosdre.madeira.gov.pt\/pbaudeleitura\/wp-json\/wp\/v2\/types\/page"}],"author":[{"embeddable":true,"href":"https:\/\/projetosdre.madeira.gov.pt\/pbaudeleitura\/wp-json\/wp\/v2\/users\/7"}],"replies":[{"embeddable":true,"href":"https:\/\/projetosdre.madeira.gov.pt\/pbaudeleitura\/wp-json\/wp\/v2\/comments?post=4"}],"version-history":[{"count":19,"href":"https:\/\/projetosdre.madeira.gov.pt\/pbaudeleitura\/wp-json\/wp\/v2\/pages\/4\/revisions"}],"predecessor-version":[{"id":1598,"href":"https:\/\/projetosdre.madeira.gov.pt\/pbaudeleitura\/wp-json\/wp\/v2\/pages\/4\/revisions\/1598"}],"wp:attachment":[{"href":"https:\/\/projetosdre.madeira.gov.pt\/pbaudeleitura\/wp-json\/wp\/v2\/media?parent=4"}],"curies":[{"name":"wp","href":"https:\/\/api.w.org\/{rel}","templated":true}]}}