{"id":908,"date":"2021-02-04T05:11:51","date_gmt":"2021-02-04T05:11:51","guid":{"rendered":"https:\/\/projetosdre.madeira.gov.pt\/pbaudeleitura\/all-courses\/"},"modified":"2025-11-12T17:00:19","modified_gmt":"2025-11-12T17:00:19","slug":"all-courses","status":"publish","type":"page","link":"https:\/\/projetosdre.madeira.gov.pt\/pbaudeleitura\/all-courses\/","title":{"rendered":"Courses"},"content":{"rendered":"\t\t<div data-elementor-type=\"wp-page\" data-elementor-id=\"908\" class=\"elementor elementor-908\">\n\t\t\t\t\t\t<section class=\"elementor-section elementor-top-section elementor-element elementor-element-8f7012d elementor-section-boxed elementor-section-height-default elementor-section-height-default\" data-id=\"8f7012d\" data-element_type=\"section\" data-e-type=\"section\" data-settings=\"{&quot;background_background&quot;:&quot;classic&quot;}\">\n\t\t\t\t\t\t\t<div class=\"elementor-background-overlay\"><\/div>\n\t\t\t\t\t\t\t<div class=\"elementor-container elementor-column-gap-no\">\n\t\t\t\t\t<div class=\"elementor-column elementor-col-100 elementor-top-column elementor-element elementor-element-41f6b6a\" data-id=\"41f6b6a\" data-element_type=\"column\" data-e-type=\"column\">\n\t\t\t<div class=\"elementor-widget-wrap elementor-element-populated\">\n\t\t\t\t\t\t<div class=\"elementor-element elementor-element-85890e9 elementor-widget elementor-widget-heading\" data-id=\"85890e9\" data-element_type=\"widget\" data-e-type=\"widget\" data-widget_type=\"heading.default\">\n\t\t\t\t<div class=\"elementor-widget-container\">\n\t\t\t\t\t<h1 class=\"elementor-heading-title elementor-size-default\">Triatlo Liter\u00e1rio<\/h1>\t\t\t\t<\/div>\n\t\t\t\t<\/div>\n\t\t\t\t\t<\/div>\n\t\t<\/div>\n\t\t\t\t\t<\/div>\n\t\t<\/section>\n\t\t\t\t<section class=\"elementor-section elementor-top-section elementor-element elementor-element-ea5ad50 elementor-section-boxed elementor-section-height-default elementor-section-height-default\" data-id=\"ea5ad50\" data-element_type=\"section\" data-e-type=\"section\">\n\t\t\t\t\t\t\t<div class=\"elementor-background-overlay\"><\/div>\n\t\t\t\t\t\t\t<div class=\"elementor-container elementor-column-gap-no\">\n\t\t\t\t\t<div class=\"elementor-column elementor-col-100 elementor-top-column elementor-element elementor-element-0097c67\" data-id=\"0097c67\" data-element_type=\"column\" data-e-type=\"column\">\n\t\t\t<div class=\"elementor-widget-wrap elementor-element-populated\">\n\t\t\t\t\t\t<div class=\"elementor-element elementor-element-8577a0d elementor-widget elementor-widget-heading\" data-id=\"8577a0d\" data-element_type=\"widget\" data-e-type=\"widget\" data-widget_type=\"heading.default\">\n\t\t\t\t<div class=\"elementor-widget-container\">\n\t\t\t\t\t<h4 class=\"elementor-heading-title elementor-size-default\">O Triatlo Liter\u00e1rio \u00e9 um concurso que prop\u00f5e aos alunos dos 1.\u00ba e 2.\u00ba ciclos do Ensino B\u00e1sico a realiza\u00e7\u00e3o de tr\u00eas provas de natureza liter\u00e1ria, a partir de livros previamente selecionados, nas suas diversas fases<\/h4>\t\t\t\t<\/div>\n\t\t\t\t<\/div>\n\t\t\t\t\t<\/div>\n\t\t<\/div>\n\t\t\t\t\t<\/div>\n\t\t<\/section>\n\t\t\t\t<section class=\"elementor-section elementor-top-section elementor-element elementor-element-76e5dfe elementor-section-boxed elementor-section-height-default elementor-section-height-default\" data-id=\"76e5dfe\" data-element_type=\"section\" data-e-type=\"section\">\n\t\t\t\t\t\t<div class=\"elementor-container elementor-column-gap-no\">\n\t\t\t\t\t<div class=\"elementor-column elementor-col-100 elementor-top-column elementor-element elementor-element-e98b60a\" data-id=\"e98b60a\" data-element_type=\"column\" data-e-type=\"column\">\n\t\t\t<div class=\"elementor-widget-wrap elementor-element-populated\">\n\t\t\t\t\t\t<div class=\"elementor-element elementor-element-fa7954f elementor-position-top elementor-widget elementor-widget-image-box\" data-id=\"fa7954f\" data-element_type=\"widget\" data-e-type=\"widget\" data-widget_type=\"image-box.default\">\n\t\t\t\t<div class=\"elementor-widget-container\">\n\t\t\t\t\t<div class=\"elementor-image-box-wrapper\"><figure class=\"elementor-image-box-img\"><img fetchpriority=\"high\" decoding=\"async\" width=\"488\" height=\"695\" src=\"https:\/\/projetosdre.madeira.gov.pt\/pbaudeleitura\/wp-content\/uploads\/sites\/4\/2025\/10\/Captura-de-ecra-2025-10-26-as-21.14.32.png\" class=\"attachment-full size-full wp-image-1628\" alt=\"\" srcset=\"https:\/\/projetosdre.madeira.gov.pt\/pbaudeleitura\/wp-content\/uploads\/sites\/4\/2025\/10\/Captura-de-ecra-2025-10-26-as-21.14.32.png 488w, https:\/\/projetosdre.madeira.gov.pt\/pbaudeleitura\/wp-content\/uploads\/sites\/4\/2025\/10\/Captura-de-ecra-2025-10-26-as-21.14.32-211x300.png 211w\" sizes=\"(max-width: 488px) 100vw, 488px\" \/><\/figure><\/div>\t\t\t\t<\/div>\n\t\t\t\t<\/div>\n\t\t\t\t<div class=\"elementor-element elementor-element-6fe3a81 elementor-align-center elementor-widget elementor-widget-button\" data-id=\"6fe3a81\" data-element_type=\"widget\" data-e-type=\"widget\" data-widget_type=\"button.default\">\n\t\t\t\t<div class=\"elementor-widget-container\">\n\t\t\t\t\t\t\t\t\t<div class=\"elementor-button-wrapper\">\n\t\t\t\t\t<a class=\"elementor-button elementor-button-link elementor-size-sm elementor-animation-pulse\" href=\"https:\/\/drive.google.com\/file\/d\/1DrkuZEpXOYZ9axGZqN4v_UjrNQkvZ8ZY\/view?usp=drive_link\" target=\"_blank\">\n\t\t\t\t\t\t<span class=\"elementor-button-content-wrapper\">\n\t\t\t\t\t\t\t\t\t<span class=\"elementor-button-text\">Regulamento do 1.\u00ba ciclo<\/span>\n\t\t\t\t\t<\/span>\n\t\t\t\t\t<\/a>\n\t\t\t\t<\/div>\n\t\t\t\t\t\t\t\t<\/div>\n\t\t\t\t<\/div>\n\t\t\t\t<div class=\"elementor-element elementor-element-a932656 elementor-align-center elementor-widget elementor-widget-button\" data-id=\"a932656\" data-element_type=\"widget\" data-e-type=\"widget\" data-widget_type=\"button.default\">\n\t\t\t\t<div class=\"elementor-widget-container\">\n\t\t\t\t\t\t\t\t\t<div class=\"elementor-button-wrapper\">\n\t\t\t\t\t<a class=\"elementor-button elementor-button-link elementor-size-sm elementor-animation-pulse\" href=\"https:\/\/drive.google.com\/file\/d\/1uhEQYNlhNupY0gCmh76Aq20YB5zO9ed5\/view?usp=sharing\" target=\"_blank\">\n\t\t\t\t\t\t<span class=\"elementor-button-content-wrapper\">\n\t\t\t\t\t\t\t\t\t<span class=\"elementor-button-text\">Regulamento do 2.\u00ba ciclo<\/span>\n\t\t\t\t\t<\/span>\n\t\t\t\t\t<\/a>\n\t\t\t\t<\/div>\n\t\t\t\t\t\t\t\t<\/div>\n\t\t\t\t<\/div>\n\t\t\t\t\t<\/div>\n\t\t<\/div>\n\t\t\t\t\t<\/div>\n\t\t<\/section>\n\t\t\t\t<\/div>\n\t\t","protected":false},"excerpt":{"rendered":"<p>Triatlo Liter\u00e1rio O Triatlo Liter\u00e1rio \u00e9 um concurso que prop\u00f5e aos alunos dos 1.\u00ba e 2.\u00ba ciclos do Ensino B\u00e1sico a realiza\u00e7\u00e3o de tr\u00eas provas de natureza liter\u00e1ria, a partir de livros previamente selecionados, nas suas diversas fases Regulamento do 1.\u00ba ciclo Regulamento do 2.\u00ba ciclo<\/p>\n","protected":false},"author":7,"featured_media":0,"parent":0,"menu_order":0,"comment_status":"closed","ping_status":"closed","template":"","meta":{"_uag_custom_page_level_css":"","site-sidebar-layout":"no-sidebar","site-content-layout":"page-builder","ast-site-content-layout":"default","site-content-style":"default","site-sidebar-style":"default","ast-global-header-display":"","ast-banner-title-visibility":"","ast-main-header-display":"","ast-hfb-above-header-display":"","ast-hfb-below-header-display":"","ast-hfb-mobile-header-display":"","site-post-title":"disabled","ast-breadcrumbs-content":"","ast-featured-img":"disabled","footer-sml-layout":"","ast-disable-related-posts":"","theme-transparent-header-meta":"enabled","adv-header-id-meta":"","stick-header-meta":"","header-above-stick-meta":"","header-main-stick-meta":"","header-below-stick-meta":"","astra-migrate-meta-layouts":"default","ast-page-background-enabled":"default","ast-page-background-meta":{"desktop":{"background-color":"","background-image":"","background-repeat":"repeat","background-position":"center center","background-size":"auto","background-attachment":"scroll","background-type":"","background-media":"","overlay-type":"","overlay-color":"","overlay-opacity":"","overlay-gradient":""},"tablet":{"background-color":"","background-image":"","background-repeat":"repeat","background-position":"center center","background-size":"auto","background-attachment":"scroll","background-type":"","background-media":"","overlay-type":"","overlay-color":"","overlay-opacity":"","overlay-gradient":""},"mobile":{"background-color":"","background-image":"","background-repeat":"repeat","background-position":"center center","background-size":"auto","background-attachment":"scroll","background-type":"","background-media":"","overlay-type":"","overlay-color":"","overlay-opacity":"","overlay-gradient":""}},"ast-content-background-meta":{"desktop":{"background-color":"var(--ast-global-color-5)","background-image":"","background-repeat":"repeat","background-position":"center center","background-size":"auto","background-attachment":"scroll","background-type":"","background-media":"","overlay-type":"","overlay-color":"","overlay-opacity":"","overlay-gradient":""},"tablet":{"background-color":"var(--ast-global-color-5)","background-image":"","background-repeat":"repeat","background-position":"center center","background-size":"auto","background-attachment":"scroll","background-type":"","background-media":"","overlay-type":"","overlay-color":"","overlay-opacity":"","overlay-gradient":""},"mobile":{"background-color":"var(--ast-global-color-5)","background-image":"","background-repeat":"repeat","background-position":"center center","background-size":"auto","background-attachment":"scroll","background-type":"","background-media":"","overlay-type":"","overlay-color":"","overlay-opacity":"","overlay-gradient":""}},"_themeisle_gutenberg_block_has_review":false,"footnotes":""},"class_list":["post-908","page","type-page","status-publish","hentry"],"uagb_featured_image_src":{"full":false,"thumbnail":false,"medium":false,"medium_large":false,"large":false,"1536x1536":false,"2048x2048":false},"uagb_author_info":{"display_name":"paulogouveia","author_link":"https:\/\/projetosdre.madeira.gov.pt\/pbaudeleitura\/author\/paulogouveia\/"},"uagb_comment_info":0,"uagb_excerpt":"Triatlo Liter\u00e1rio O Triatlo Liter\u00e1rio \u00e9 um concurso que prop\u00f5e aos alunos dos 1.\u00ba e 2.\u00ba ciclos do Ensino B\u00e1sico a realiza\u00e7\u00e3o de tr\u00eas provas de natureza liter\u00e1ria, a partir de livros previamente selecionados, nas suas diversas fases Regulamento do 1.\u00ba ciclo Regulamento do 2.\u00ba ciclo","_links":{"self":[{"href":"https:\/\/projetosdre.madeira.gov.pt\/pbaudeleitura\/wp-json\/wp\/v2\/pages\/908","targetHints":{"allow":["GET"]}}],"collection":[{"href":"https:\/\/projetosdre.madeira.gov.pt\/pbaudeleitura\/wp-json\/wp\/v2\/pages"}],"about":[{"href":"https:\/\/projetosdre.madeira.gov.pt\/pbaudeleitura\/wp-json\/wp\/v2\/types\/page"}],"author":[{"embeddable":true,"href":"https:\/\/projetosdre.madeira.gov.pt\/pbaudeleitura\/wp-json\/wp\/v2\/users\/7"}],"replies":[{"embeddable":true,"href":"https:\/\/projetosdre.madeira.gov.pt\/pbaudeleitura\/wp-json\/wp\/v2\/comments?post=908"}],"version-history":[{"count":64,"href":"https:\/\/projetosdre.madeira.gov.pt\/pbaudeleitura\/wp-json\/wp\/v2\/pages\/908\/revisions"}],"predecessor-version":[{"id":1681,"href":"https:\/\/projetosdre.madeira.gov.pt\/pbaudeleitura\/wp-json\/wp\/v2\/pages\/908\/revisions\/1681"}],"wp:attachment":[{"href":"https:\/\/projetosdre.madeira.gov.pt\/pbaudeleitura\/wp-json\/wp\/v2\/media?parent=908"}],"curies":[{"name":"wp","href":"https:\/\/api.w.org\/{rel}","templated":true}]}}