{"id":778,"date":"2023-11-06T10:51:24","date_gmt":"2023-11-06T10:51:24","guid":{"rendered":"https:\/\/projetosdre.madeira.gov.pt\/preparandoomeufuturo\/?page_id=778"},"modified":"2024-09-06T09:13:29","modified_gmt":"2024-09-06T09:13:29","slug":"atividades","status":"publish","type":"page","link":"https:\/\/projetosdre.madeira.gov.pt\/preparandoomeufuturo\/atividades\/","title":{"rendered":"As Atividades"},"content":{"rendered":"\t\t<div data-elementor-type=\"wp-page\" data-elementor-id=\"778\" class=\"elementor elementor-778\">\n\t\t\t\t\t\t<section class=\"elementor-section elementor-top-section elementor-element elementor-element-debe0ea elementor-section-boxed elementor-section-height-default elementor-section-height-default\" data-id=\"debe0ea\" data-element_type=\"section\" data-e-type=\"section\" data-settings=\"{&quot;background_background&quot;:&quot;classic&quot;}\">\n\t\t\t\t\t\t<div class=\"elementor-container elementor-column-gap-no\">\n\t\t\t\t\t<div class=\"elementor-column elementor-col-100 elementor-top-column elementor-element elementor-element-07780fc\" data-id=\"07780fc\" data-element_type=\"column\" data-e-type=\"column\">\n\t\t\t<div class=\"elementor-widget-wrap elementor-element-populated\">\n\t\t\t\t\t\t<div class=\"elementor-element elementor-element-cc7ddc2 elementor-widget elementor-widget-heading\" data-id=\"cc7ddc2\" data-element_type=\"widget\" data-e-type=\"widget\" data-widget_type=\"heading.default\">\n\t\t\t\t<div class=\"elementor-widget-container\">\n\t\t\t\t\t<h1 class=\"elementor-heading-title elementor-size-default\">As Atividades<\/h1>\t\t\t\t<\/div>\n\t\t\t\t<\/div>\n\t\t\t\t\t<\/div>\n\t\t<\/div>\n\t\t\t\t\t<\/div>\n\t\t<\/section>\n\t\t\t\t<section class=\"elementor-section elementor-top-section elementor-element elementor-element-7726e17 elementor-section-boxed elementor-section-height-default elementor-section-height-default\" data-id=\"7726e17\" data-element_type=\"section\" data-e-type=\"section\">\n\t\t\t\t\t\t<div class=\"elementor-container elementor-column-gap-no\">\n\t\t\t\t\t<div class=\"elementor-column elementor-col-100 elementor-top-column elementor-element elementor-element-fa59b31\" data-id=\"fa59b31\" data-element_type=\"column\" data-e-type=\"column\">\n\t\t\t<div class=\"elementor-widget-wrap elementor-element-populated\">\n\t\t\t\t<div class=\"elementor-element elementor-element-22ba6b5 e-con-full e-flex e-con e-parent\" data-id=\"22ba6b5\" data-element_type=\"container\" data-e-type=\"container\">\n\t\t<div class=\"elementor-element elementor-element-1012b59 e-con-full e-flex e-con e-child\" data-id=\"1012b59\" data-element_type=\"container\" data-e-type=\"container\">\n\t\t\t\t<div class=\"elementor-element elementor-element-686b88b elementor-widget elementor-widget-heading\" data-id=\"686b88b\" data-element_type=\"widget\" data-e-type=\"widget\" data-widget_type=\"heading.default\">\n\t\t\t\t<div class=\"elementor-widget-container\">\n\t\t\t\t\t<h3 class=\"elementor-heading-title elementor-size-default\">O Programa de Atividades<\/h3>\t\t\t\t<\/div>\n\t\t\t\t<\/div>\n\t\t\t\t<div class=\"elementor-element elementor-element-6c037e2 elementor-widget elementor-widget-text-editor\" data-id=\"6c037e2\" data-element_type=\"widget\" data-e-type=\"widget\" data-widget_type=\"text-editor.default\">\n\t\t\t\t<div class=\"elementor-widget-container\">\n\t\t\t\t\t\t\t\t\t<p>Este Programa de Desenvolvimento da Consci\u00eancia de Carreiras, para o 1.\u00ba Ciclo do Ensino B\u00e1sico, est\u00e1 focalizado nas \u00e1reas do <strong>auto-conhecimento<\/strong>, na <strong>explora\u00e7\u00e3o educacional e ocupacional<\/strong> e no <strong>planeamento da carreira<\/strong>. Este programa, n\u00e3o tem qualquer inten\u00e7\u00e3o de for\u00e7ar os alunos a fazer escolhas ou op\u00e7\u00f5es prematuras, nem ajudar a conduzir essas escolhas. Em vez disso, o programa pretende ajudar os alunos a entenderem ou tomarem consci\u00eancia das escolhas poss\u00edveis, formas de as planear e antecipar, e das rela\u00e7\u00f5es entre elas e o que as crian\u00e7as pretendem ser no futuro.<\/p><p>Os alunos em idade escolar necessitam de saber que ter\u00e3o oportunidades e informa\u00e7\u00e3o necess\u00e1rias para as suas escolhas e ter\u00e3o compet\u00eancias para o fazer.<\/p><p>A avalia\u00e7\u00e3o dos resultados da aplica\u00e7\u00e3o deste programa demonstra que as crian\u00e7as desenvolvem n\u00e3o s\u00f3 aptid\u00f5es acad\u00e9micas como compet\u00eancias emocionais e cognitivas que facilitam os processos de tomada de decis\u00e3o.<\/p><p>\u00c9 tamb\u00e9m importante que todos os Professores e Directores das escolas, entendam a import\u00e2ncia que o desenvolvimento de carreiras t\u00eam para os alunos destas idades, assim como quais as compet\u00eancias que ser\u00e3o desenvolvidas com a aplica\u00e7\u00e3o de um Programa Compreensivo de Desenvolvimento.<\/p>\t\t\t\t\t\t\t\t<\/div>\n\t\t\t\t<\/div>\n\t\t\t\t<\/div>\n\t\t<div class=\"elementor-element elementor-element-fe3e87f e-con-full e-flex e-con e-child\" data-id=\"fe3e87f\" data-element_type=\"container\" data-e-type=\"container\">\n\t\t\t\t<div class=\"elementor-element elementor-element-045f532 elementor-widget elementor-widget-image\" data-id=\"045f532\" data-element_type=\"widget\" data-e-type=\"widget\" data-widget_type=\"image.default\">\n\t\t\t\t<div class=\"elementor-widget-container\">\n\t\t\t\t\t\t\t\t\t\t\t\t\t\t\t<img fetchpriority=\"high\" decoding=\"async\" width=\"676\" height=\"478\" src=\"https:\/\/projetosdre.madeira.gov.pt\/preparandoomeufuturo\/wp-content\/uploads\/sites\/3\/2023\/11\/214ec6_c5592548d3382d904e712f41993d8674.webp\" class=\"attachment-large size-large wp-image-710\" alt=\"\" srcset=\"https:\/\/projetosdre.madeira.gov.pt\/preparandoomeufuturo\/wp-content\/uploads\/sites\/3\/2023\/11\/214ec6_c5592548d3382d904e712f41993d8674.webp 676w, https:\/\/projetosdre.madeira.gov.pt\/preparandoomeufuturo\/wp-content\/uploads\/sites\/3\/2023\/11\/214ec6_c5592548d3382d904e712f41993d8674-300x212.webp 300w\" sizes=\"(max-width: 676px) 100vw, 676px\" \/>\t\t\t\t\t\t\t\t\t\t\t\t\t\t\t<\/div>\n\t\t\t\t<\/div>\n\t\t\t\t<\/div>\n\t\t\t\t<\/div>\n\t\t\t\t<div class=\"elementor-element elementor-element-428fe97 elementor-widget-divider--view-line elementor-widget elementor-widget-divider\" data-id=\"428fe97\" data-element_type=\"widget\" data-e-type=\"widget\" data-widget_type=\"divider.default\">\n\t\t\t\t<div class=\"elementor-widget-container\">\n\t\t\t\t\t\t\t<div class=\"elementor-divider\">\n\t\t\t<span class=\"elementor-divider-separator\">\n\t\t\t\t\t\t<\/span>\n\t\t<\/div>\n\t\t\t\t\t\t<\/div>\n\t\t\t\t<\/div>\n\t\t<div class=\"elementor-element elementor-element-592dce3 e-flex e-con-boxed e-con e-parent\" data-id=\"592dce3\" data-element_type=\"container\" data-e-type=\"container\">\n\t\t\t\t\t<div class=\"e-con-inner\">\n\t\t<div class=\"elementor-element elementor-element-52dfa69 e-con-full e-flex e-con e-child\" data-id=\"52dfa69\" data-element_type=\"container\" data-e-type=\"container\">\n\t\t\t\t<div class=\"elementor-element elementor-element-524592b elementor-widget elementor-widget-heading\" data-id=\"524592b\" data-element_type=\"widget\" data-e-type=\"widget\" data-widget_type=\"heading.default\">\n\t\t\t\t<div class=\"elementor-widget-container\">\n\t\t\t\t\t<h3 class=\"elementor-heading-title elementor-size-default\">As Compet\u00eancias a Desenvolver<\/h3>\t\t\t\t<\/div>\n\t\t\t\t<\/div>\n\t\t\t\t<div class=\"elementor-element elementor-element-e062ebc elementor-widget elementor-widget-text-editor\" data-id=\"e062ebc\" data-element_type=\"widget\" data-e-type=\"widget\" data-widget_type=\"text-editor.default\">\n\t\t\t\t<div class=\"elementor-widget-container\">\n\t\t\t\t\t\t\t\t\t<p>Pretende-se que no final do Programa as crian\u00e7as tenham desenvolvido:<\/p><ul><li>Consci\u00eancia das carreiras, empregos e ocupa\u00e7\u00f5es na Regi\u00e3o.<\/li><li>Aptid\u00f5es para reconhecer a rela\u00e7\u00e3o entre a educa\u00e7\u00e3o e as compet\u00eancias para o trabalho, a sua comunidade e o seu futuro.<\/li><li>Compreens\u00e3o sobre a import\u00e2ncia da aprendizagem ao longo da vida e a produtividade em qualquer ocupa\u00e7\u00e3o.<\/li><li>Aptid\u00e3o para reconhecer a m\u00faltipla variedade de \u00e1reas de interesse relacionadas com o mundo do trabalho, dos empregos e carreiras.<\/li><li>Aptid\u00e3o para reconhecer a exist\u00eancia de oportunidades para todos no mundo do trabalho.<\/li><li>Aptid\u00e3o para relacionar os seus interesses pessoais com as op\u00e7\u00f5es de trabalho e carreira.<\/li><\/ul>\t\t\t\t\t\t\t\t<\/div>\n\t\t\t\t<\/div>\n\t\t\t\t<\/div>\n\t\t<div class=\"elementor-element elementor-element-25690b2 e-con-full e-flex e-con e-child\" data-id=\"25690b2\" data-element_type=\"container\" data-e-type=\"container\">\n\t\t\t\t<div class=\"elementor-element elementor-element-5ff80f3 elementor-widget elementor-widget-image\" data-id=\"5ff80f3\" data-element_type=\"widget\" data-e-type=\"widget\" data-widget_type=\"image.default\">\n\t\t\t\t<div class=\"elementor-widget-container\">\n\t\t\t\t\t\t\t\t\t\t\t\t\t\t\t<img decoding=\"async\" width=\"169\" height=\"135\" src=\"https:\/\/projetosdre.madeira.gov.pt\/preparandoomeufuturo\/wp-content\/uploads\/sites\/3\/2023\/11\/32bbc9_1cd9d9d9acbe458db8f4bd01210a2a1d.webp\" class=\"attachment-large size-large wp-image-712\" alt=\"\" \/>\t\t\t\t\t\t\t\t\t\t\t\t\t\t\t<\/div>\n\t\t\t\t<\/div>\n\t\t\t\t<\/div>\n\t\t\t\t\t<\/div>\n\t\t\t\t<\/div>\n\t\t\t\t\t<\/div>\n\t\t<\/div>\n\t\t\t\t\t<\/div>\n\t\t<\/section>\n\t\t\t\t<\/div>\n\t\t","protected":false},"excerpt":{"rendered":"<p>As Atividades O Programa de Atividades Este Programa de Desenvolvimento da Consci\u00eancia de Carreiras, para o 1.\u00ba Ciclo do Ensino B\u00e1sico, est\u00e1 focalizado nas \u00e1reas do auto-conhecimento, na explora\u00e7\u00e3o educacional e ocupacional e no planeamento da carreira. Este programa, n\u00e3o tem qualquer inten\u00e7\u00e3o de for\u00e7ar os alunos a fazer escolhas ou op\u00e7\u00f5es prematuras, nem ajudar [&hellip;]<\/p>\n","protected":false},"author":7,"featured_media":0,"parent":0,"menu_order":0,"comment_status":"closed","ping_status":"closed","template":"","meta":{"site-sidebar-layout":"no-sidebar","site-content-layout":"page-builder","ast-site-content-layout":"full-width-container","site-content-style":"default","site-sidebar-style":"default","ast-global-header-display":"","ast-banner-title-visibility":"","ast-main-header-display":"","ast-hfb-above-header-display":"","ast-hfb-below-header-display":"","ast-hfb-mobile-header-display":"","site-post-title":"disabled","ast-breadcrumbs-content":"","ast-featured-img":"disabled","footer-sml-layout":"","ast-disable-related-posts":"","theme-transparent-header-meta":"","adv-header-id-meta":"","stick-header-meta":"","header-above-stick-meta":"","header-main-stick-meta":"","header-below-stick-meta":"","astra-migrate-meta-layouts":"set","ast-page-background-enabled":"default","ast-page-background-meta":{"desktop":{"background-color":"","background-image":"","background-repeat":"repeat","background-position":"center center","background-size":"auto","background-attachment":"scroll","background-type":"","background-media":"","overlay-type":"","overlay-color":"","overlay-opacity":"","overlay-gradient":""},"tablet":{"background-color":"","background-image":"","background-repeat":"repeat","background-position":"center center","background-size":"auto","background-attachment":"scroll","background-type":"","background-media":"","overlay-type":"","overlay-color":"","overlay-opacity":"","overlay-gradient":""},"mobile":{"background-color":"","background-image":"","background-repeat":"repeat","background-position":"center center","background-size":"auto","background-attachment":"scroll","background-type":"","background-media":"","overlay-type":"","overlay-color":"","overlay-opacity":"","overlay-gradient":""}},"ast-content-background-meta":{"desktop":{"background-color":"var(--ast-global-color-5)","background-image":"","background-repeat":"repeat","background-position":"center center","background-size":"auto","background-attachment":"scroll","background-type":"","background-media":"","overlay-type":"","overlay-color":"","overlay-opacity":"","overlay-gradient":""},"tablet":{"background-color":"var(--ast-global-color-5)","background-image":"","background-repeat":"repeat","background-position":"center center","background-size":"auto","background-attachment":"scroll","background-type":"","background-media":"","overlay-type":"","overlay-color":"","overlay-opacity":"","overlay-gradient":""},"mobile":{"background-color":"var(--ast-global-color-5)","background-image":"","background-repeat":"repeat","background-position":"center center","background-size":"auto","background-attachment":"scroll","background-type":"","background-media":"","overlay-type":"","overlay-color":"","overlay-opacity":"","overlay-gradient":""}},"_themeisle_gutenberg_block_has_review":false,"footnotes":""},"class_list":["post-778","page","type-page","status-publish","hentry"],"_links":{"self":[{"href":"https:\/\/projetosdre.madeira.gov.pt\/preparandoomeufuturo\/wp-json\/wp\/v2\/pages\/778","targetHints":{"allow":["GET"]}}],"collection":[{"href":"https:\/\/projetosdre.madeira.gov.pt\/preparandoomeufuturo\/wp-json\/wp\/v2\/pages"}],"about":[{"href":"https:\/\/projetosdre.madeira.gov.pt\/preparandoomeufuturo\/wp-json\/wp\/v2\/types\/page"}],"author":[{"embeddable":true,"href":"https:\/\/projetosdre.madeira.gov.pt\/preparandoomeufuturo\/wp-json\/wp\/v2\/users\/7"}],"replies":[{"embeddable":true,"href":"https:\/\/projetosdre.madeira.gov.pt\/preparandoomeufuturo\/wp-json\/wp\/v2\/comments?post=778"}],"version-history":[{"count":5,"href":"https:\/\/projetosdre.madeira.gov.pt\/preparandoomeufuturo\/wp-json\/wp\/v2\/pages\/778\/revisions"}],"predecessor-version":[{"id":1043,"href":"https:\/\/projetosdre.madeira.gov.pt\/preparandoomeufuturo\/wp-json\/wp\/v2\/pages\/778\/revisions\/1043"}],"wp:attachment":[{"href":"https:\/\/projetosdre.madeira.gov.pt\/preparandoomeufuturo\/wp-json\/wp\/v2\/media?parent=778"}],"curies":[{"name":"wp","href":"https:\/\/api.w.org\/{rel}","templated":true}]}}