{"id":1250,"date":"2024-01-11T09:10:34","date_gmt":"2024-01-11T09:10:34","guid":{"rendered":"https:\/\/projetosdre.madeira.gov.pt\/prer\/?page_id=1250"},"modified":"2024-01-16T16:56:16","modified_gmt":"2024-01-16T16:56:16","slug":"arquivo","status":"publish","type":"page","link":"https:\/\/projetosdre.madeira.gov.pt\/prer\/arquivo\/","title":{"rendered":"Arquivo"},"content":{"rendered":"\t\t<div data-elementor-type=\"wp-page\" data-elementor-id=\"1250\" class=\"elementor elementor-1250\">\n\t\t\t\t<div class=\"elementor-element elementor-element-58690ba e-flex e-con-boxed e-con e-parent\" data-id=\"58690ba\" data-element_type=\"container\" data-e-type=\"container\" data-settings=\"{&quot;background_background&quot;:&quot;classic&quot;}\">\n\t\t\t\t\t<div class=\"e-con-inner\">\n\t\t\t\t<div class=\"elementor-element elementor-element-16163c5 elementor-widget elementor-widget-heading\" data-id=\"16163c5\" data-element_type=\"widget\" data-e-type=\"widget\" data-widget_type=\"heading.default\">\n\t\t\t\t<div class=\"elementor-widget-container\">\n\t\t\t\t\t<h3 class=\"elementor-heading-title elementor-size-default\">Arquivo do PRER<\/h3>\t\t\t\t<\/div>\n\t\t\t\t<\/div>\n\t\t\t\t<div class=\"elementor-element elementor-element-167ca4c elementor-widget elementor-widget-spacer\" data-id=\"167ca4c\" data-element_type=\"widget\" data-e-type=\"widget\" data-widget_type=\"spacer.default\">\n\t\t\t\t<div class=\"elementor-widget-container\">\n\t\t\t\t\t\t\t<div class=\"elementor-spacer\">\n\t\t\t<div class=\"elementor-spacer-inner\"><\/div>\n\t\t<\/div>\n\t\t\t\t\t\t<\/div>\n\t\t\t\t<\/div>\n\t\t\t\t<div class=\"elementor-element elementor-element-aecb788 elementor-widget elementor-widget-text-editor\" data-id=\"aecb788\" data-element_type=\"widget\" data-e-type=\"widget\" data-widget_type=\"text-editor.default\">\n\t\t\t\t<div class=\"elementor-widget-container\">\n\t\t\t\t\t\t\t\t\t<div id=\"bgLayers_comp-lm23v4ds\" class=\"MW5IWV\" data-hook=\"bgLayers\"><div id=\"bgMedia_comp-lm23v4ds\" class=\"VgO9Yg\" style=\"text-align: justify;\"><strong>Nesta sec\u00e7\u00e3o poder\u00e1 encontrar alguns materiais relativos a projetos do PRER de anos letivos anteriores. Sinta-se livre para os usar na procura da educa\u00e7\u00e3o e prote\u00e7\u00e3o dos nossos jovens. Todos somos poucos na procura deste nobre objetivo da redu\u00e7\u00e3o das v\u00edtimas da estrada.<\/strong><\/div><\/div>\t\t\t\t\t\t\t\t<\/div>\n\t\t\t\t<\/div>\n\t\t\t\t<div class=\"elementor-element elementor-element-fc8daf9 elementor-widget elementor-widget-spacer\" data-id=\"fc8daf9\" data-element_type=\"widget\" data-e-type=\"widget\" data-widget_type=\"spacer.default\">\n\t\t\t\t<div class=\"elementor-widget-container\">\n\t\t\t\t\t\t\t<div class=\"elementor-spacer\">\n\t\t\t<div class=\"elementor-spacer-inner\"><\/div>\n\t\t<\/div>\n\t\t\t\t\t\t<\/div>\n\t\t\t\t<\/div>\n\t\t\t\t\t<\/div>\n\t\t\t\t<\/div>\n\t\t<div class=\"elementor-element elementor-element-175bde1 e-flex e-con-boxed e-con e-parent\" data-id=\"175bde1\" data-element_type=\"container\" data-e-type=\"container\">\n\t\t\t\t\t<div class=\"e-con-inner\">\n\t\t<div class=\"elementor-element elementor-element-dd47696 e-con-full e-flex e-con e-child\" data-id=\"dd47696\" data-element_type=\"container\" data-e-type=\"container\">\n\t\t\t\t<div class=\"elementor-element elementor-element-d787d37 elementor-widget elementor-widget-heading\" data-id=\"d787d37\" data-element_type=\"widget\" data-e-type=\"widget\" data-widget_type=\"heading.default\">\n\t\t\t\t<div class=\"elementor-widget-container\">\n\t\t\t\t\t<h3 class=\"elementor-heading-title elementor-size-default\">Aventura Rodovi\u00e1ria<\/h3>\t\t\t\t<\/div>\n\t\t\t\t<\/div>\n\t\t\t\t<div class=\"elementor-element elementor-element-8b8dc58 elementor-widget elementor-widget-text-editor\" data-id=\"8b8dc58\" data-element_type=\"widget\" data-e-type=\"widget\" data-widget_type=\"text-editor.default\">\n\t\t\t\t<div class=\"elementor-widget-container\">\n\t\t\t\t\t\t\t\t\t<p class=\"font_8 wixui-rich-text__text\" style=\"text-align: justify;\"><span class=\"wixui-rich-text__text\">Projeto em que os participantes eram levados numa aventura rodovi\u00e1ria atrav\u00e9s de cap\u00edtulos com desafios que procuravam alargar os seus conhecimentos sobre Educa\u00e7\u00e3o Rodovi\u00e1ria.<\/span><span class=\"wixui-rich-text__text\">Neste momento encontra-se dispon\u00edvel a V edi\u00e7\u00e3o do projeto, &#8220;O grande jogo da vida&#8221;. Brevemente procuraremos disponibilizar as edi\u00e7\u00f5es<\/span> anteriores.<\/p>\t\t\t\t\t\t\t\t<\/div>\n\t\t\t\t<\/div>\n\t\t\t\t<div class=\"elementor-element elementor-element-b1e0f70 elementor-align-center elementor-widget elementor-widget-button\" data-id=\"b1e0f70\" data-element_type=\"widget\" data-e-type=\"widget\" data-widget_type=\"button.default\">\n\t\t\t\t<div class=\"elementor-widget-container\">\n\t\t\t\t\t\t\t\t\t<div class=\"elementor-button-wrapper\">\n\t\t\t\t\t<a class=\"elementor-button elementor-button-link elementor-size-md elementor-animation-pulse-shrink\" href=\"https:\/\/prerdre5.wixsite.com\/aventurarodoviaria\/atividades\" target=\"_blank\">\n\t\t\t\t\t\t<span class=\"elementor-button-content-wrapper\">\n\t\t\t\t\t\t<span class=\"elementor-button-icon\">\n\t\t\t\t<i aria-hidden=\"true\" class=\"far fa-arrow-alt-circle-right\"><\/i>\t\t\t<\/span>\n\t\t\t\t\t\t\t\t\t<span class=\"elementor-button-text\">IR<\/span>\n\t\t\t\t\t<\/span>\n\t\t\t\t\t<\/a>\n\t\t\t\t<\/div>\n\t\t\t\t\t\t\t\t<\/div>\n\t\t\t\t<\/div>\n\t\t\t\t<\/div>\n\t\t<div class=\"elementor-element elementor-element-8b40e28 e-con-full e-flex e-con e-child\" data-id=\"8b40e28\" data-element_type=\"container\" data-e-type=\"container\">\n\t\t\t\t<div class=\"elementor-element elementor-element-ae78a51 elementor-widget elementor-widget-image\" data-id=\"ae78a51\" data-element_type=\"widget\" data-e-type=\"widget\" data-widget_type=\"image.default\">\n\t\t\t\t<div class=\"elementor-widget-container\">\n\t\t\t\t\t\t\t\t\t\t\t\t\t\t\t<img fetchpriority=\"high\" decoding=\"async\" width=\"862\" height=\"739\" src=\"https:\/\/projetosdre.madeira.gov.pt\/prer\/wp-content\/uploads\/sites\/9\/2024\/01\/1.png\" class=\"attachment-large size-large wp-image-1304\" alt=\"\" srcset=\"https:\/\/projetosdre.madeira.gov.pt\/prer\/wp-content\/uploads\/sites\/9\/2024\/01\/1.png 862w, https:\/\/projetosdre.madeira.gov.pt\/prer\/wp-content\/uploads\/sites\/9\/2024\/01\/1-300x257.png 300w, https:\/\/projetosdre.madeira.gov.pt\/prer\/wp-content\/uploads\/sites\/9\/2024\/01\/1-768x658.png 768w\" sizes=\"(max-width: 862px) 100vw, 862px\" \/>\t\t\t\t\t\t\t\t\t\t\t\t\t\t\t<\/div>\n\t\t\t\t<\/div>\n\t\t\t\t<\/div>\n\t\t<div class=\"elementor-element elementor-element-6665726 e-con-full e-flex e-con e-child\" data-id=\"6665726\" data-element_type=\"container\" data-e-type=\"container\">\n\t\t\t\t<div class=\"elementor-element elementor-element-6694aeb elementor-widget elementor-widget-image\" data-id=\"6694aeb\" data-element_type=\"widget\" data-e-type=\"widget\" data-widget_type=\"image.default\">\n\t\t\t\t<div class=\"elementor-widget-container\">\n\t\t\t\t\t\t\t\t\t\t\t\t\t\t\t<img decoding=\"async\" width=\"528\" height=\"413\" src=\"https:\/\/projetosdre.madeira.gov.pt\/prer\/wp-content\/uploads\/sites\/9\/2024\/01\/2.png\" class=\"attachment-large size-large wp-image-1305\" alt=\"\" srcset=\"https:\/\/projetosdre.madeira.gov.pt\/prer\/wp-content\/uploads\/sites\/9\/2024\/01\/2.png 528w, https:\/\/projetosdre.madeira.gov.pt\/prer\/wp-content\/uploads\/sites\/9\/2024\/01\/2-300x235.png 300w\" sizes=\"(max-width: 528px) 100vw, 528px\" \/>\t\t\t\t\t\t\t\t\t\t\t\t\t\t\t<\/div>\n\t\t\t\t<\/div>\n\t\t\t\t<div class=\"elementor-element elementor-element-57339e2 elementor-align-center elementor-widget elementor-widget-button\" data-id=\"57339e2\" data-element_type=\"widget\" data-e-type=\"widget\" data-widget_type=\"button.default\">\n\t\t\t\t<div class=\"elementor-widget-container\">\n\t\t\t\t\t\t\t\t\t<div class=\"elementor-button-wrapper\">\n\t\t\t\t\t<a class=\"elementor-button elementor-button-link elementor-size-md\" href=\"https:\/\/prerdre5.wixsite.com\/aventurarodoviaria\/atividades\" target=\"_blank\">\n\t\t\t\t\t\t<span class=\"elementor-button-content-wrapper\">\n\t\t\t\t\t\t<span class=\"elementor-button-icon\">\n\t\t\t\t<i aria-hidden=\"true\" class=\"far fa-arrow-alt-circle-right\"><\/i>\t\t\t<\/span>\n\t\t\t\t\t\t\t\t\t<span class=\"elementor-button-text\">IR<\/span>\n\t\t\t\t\t<\/span>\n\t\t\t\t\t<\/a>\n\t\t\t\t<\/div>\n\t\t\t\t\t\t\t\t<\/div>\n\t\t\t\t<\/div>\n\t\t\t\t<\/div>\n\t\t<div class=\"elementor-element elementor-element-ece6700 e-con-full e-flex e-con e-child\" data-id=\"ece6700\" data-element_type=\"container\" data-e-type=\"container\">\n\t\t\t\t<div class=\"elementor-element elementor-element-7004782 elementor-widget elementor-widget-heading\" data-id=\"7004782\" data-element_type=\"widget\" data-e-type=\"widget\" data-widget_type=\"heading.default\">\n\t\t\t\t<div class=\"elementor-widget-container\">\n\t\t\t\t\t<h3 class=\"elementor-heading-title elementor-size-default\">Hora do conto com o Luzinhas<\/h3>\t\t\t\t<\/div>\n\t\t\t\t<\/div>\n\t\t\t\t<div class=\"elementor-element elementor-element-4bac49c elementor-widget elementor-widget-text-editor\" data-id=\"4bac49c\" data-element_type=\"widget\" data-e-type=\"widget\" data-widget_type=\"text-editor.default\">\n\t\t\t\t<div class=\"elementor-widget-container\">\n\t\t\t\t\t\t\t\t\t<p style=\"text-align: justify;\">Projeto em que de forma peri\u00f3dica era publicado um novo conto sobre uma tem\u00e1tica da Educa\u00e7\u00e3o Rodovi\u00e1ria, procurando levar os alunos a refletir sobre as mesmas. Fa\u00e7a chegar os nossos contos aos seus alunos ou, quem sabe, aos seus filhos.<\/p><p style=\"text-align: justify;\">Boas leituras!<\/p><p class=\"font_8 wixui-rich-text__text\">\u00a0<\/p>\t\t\t\t\t\t\t\t<\/div>\n\t\t\t\t<\/div>\n\t\t\t\t<\/div>\n\t\t\t\t\t<\/div>\n\t\t\t\t<\/div>\n\t\t<div class=\"elementor-element elementor-element-ea47e79 e-flex e-con-boxed e-con e-parent\" data-id=\"ea47e79\" data-element_type=\"container\" data-e-type=\"container\">\n\t\t\t\t\t<div class=\"e-con-inner\">\n\t\t\t\t<div class=\"elementor-element elementor-element-890481a elementor-widget elementor-widget-heading\" data-id=\"890481a\" data-element_type=\"widget\" data-e-type=\"widget\" data-widget_type=\"heading.default\">\n\t\t\t\t<div class=\"elementor-widget-container\">\n\t\t\t\t\t<h3 class=\"elementor-heading-title elementor-size-default\">Muito brevemente procuraremos disponibilizar\nmais conte\u00fados no nosso arquivo!<\/h3>\t\t\t\t<\/div>\n\t\t\t\t<\/div>\n\t\t\t\t<div class=\"elementor-element elementor-element-4e8b7e0 elementor-widget elementor-widget-spacer\" data-id=\"4e8b7e0\" data-element_type=\"widget\" data-e-type=\"widget\" data-widget_type=\"spacer.default\">\n\t\t\t\t<div class=\"elementor-widget-container\">\n\t\t\t\t\t\t\t<div class=\"elementor-spacer\">\n\t\t\t<div class=\"elementor-spacer-inner\"><\/div>\n\t\t<\/div>\n\t\t\t\t\t\t<\/div>\n\t\t\t\t<\/div>\n\t\t\t\t\t<\/div>\n\t\t\t\t<\/div>\n\t\t\t\t<\/div>\n\t\t","protected":false},"excerpt":{"rendered":"<p>Arquivo do PRER Nesta sec\u00e7\u00e3o poder\u00e1 encontrar alguns materiais relativos a projetos do PRER de anos letivos anteriores. Sinta-se livre para os usar na procura da educa\u00e7\u00e3o e prote\u00e7\u00e3o dos nossos jovens. Todos somos poucos na procura deste nobre objetivo da redu\u00e7\u00e3o das v\u00edtimas da estrada. Aventura Rodovi\u00e1ria Projeto em que os participantes eram levados [&hellip;]<\/p>\n","protected":false},"author":1,"featured_media":0,"parent":0,"menu_order":0,"comment_status":"closed","ping_status":"closed","template":"","meta":{"site-sidebar-layout":"no-sidebar","site-content-layout":"page-builder","ast-site-content-layout":"full-width-container","site-content-style":"default","site-sidebar-style":"default","ast-global-header-display":"","ast-banner-title-visibility":"","ast-main-header-display":"","ast-hfb-above-header-display":"","ast-hfb-below-header-display":"","ast-hfb-mobile-header-display":"","site-post-title":"disabled","ast-breadcrumbs-content":"","ast-featured-img":"disabled","footer-sml-layout":"","ast-disable-related-posts":"","theme-transparent-header-meta":"","adv-header-id-meta":"","stick-header-meta":"","header-above-stick-meta":"","header-main-stick-meta":"","header-below-stick-meta":"","astra-migrate-meta-layouts":"set","ast-page-background-enabled":"default","ast-page-background-meta":{"desktop":{"background-color":"var(--ast-global-color-4)","background-image":"","background-repeat":"repeat","background-position":"center center","background-size":"auto","background-attachment":"scroll","background-type":"","background-media":"","overlay-type":"","overlay-color":"","overlay-opacity":"","overlay-gradient":""},"tablet":{"background-color":"","background-image":"","background-repeat":"repeat","background-position":"center center","background-size":"auto","background-attachment":"scroll","background-type":"","background-media":"","overlay-type":"","overlay-color":"","overlay-opacity":"","overlay-gradient":""},"mobile":{"background-color":"","background-image":"","background-repeat":"repeat","background-position":"center center","background-size":"auto","background-attachment":"scroll","background-type":"","background-media":"","overlay-type":"","overlay-color":"","overlay-opacity":"","overlay-gradient":""}},"ast-content-background-meta":{"desktop":{"background-color":"var(--ast-global-color-5)","background-image":"","background-repeat":"repeat","background-position":"center center","background-size":"auto","background-attachment":"scroll","background-type":"","background-media":"","overlay-type":"","overlay-color":"","overlay-opacity":"","overlay-gradient":""},"tablet":{"background-color":"var(--ast-global-color-5)","background-image":"","background-repeat":"repeat","background-position":"center center","background-size":"auto","background-attachment":"scroll","background-type":"","background-media":"","overlay-type":"","overlay-color":"","overlay-opacity":"","overlay-gradient":""},"mobile":{"background-color":"var(--ast-global-color-5)","background-image":"","background-repeat":"repeat","background-position":"center center","background-size":"auto","background-attachment":"scroll","background-type":"","background-media":"","overlay-type":"","overlay-color":"","overlay-opacity":"","overlay-gradient":""}},"_themeisle_gutenberg_block_has_review":false,"footnotes":""},"class_list":["post-1250","page","type-page","status-publish","hentry"],"_links":{"self":[{"href":"https:\/\/projetosdre.madeira.gov.pt\/prer\/wp-json\/wp\/v2\/pages\/1250","targetHints":{"allow":["GET"]}}],"collection":[{"href":"https:\/\/projetosdre.madeira.gov.pt\/prer\/wp-json\/wp\/v2\/pages"}],"about":[{"href":"https:\/\/projetosdre.madeira.gov.pt\/prer\/wp-json\/wp\/v2\/types\/page"}],"author":[{"embeddable":true,"href":"https:\/\/projetosdre.madeira.gov.pt\/prer\/wp-json\/wp\/v2\/users\/1"}],"replies":[{"embeddable":true,"href":"https:\/\/projetosdre.madeira.gov.pt\/prer\/wp-json\/wp\/v2\/comments?post=1250"}],"version-history":[{"count":49,"href":"https:\/\/projetosdre.madeira.gov.pt\/prer\/wp-json\/wp\/v2\/pages\/1250\/revisions"}],"predecessor-version":[{"id":2003,"href":"https:\/\/projetosdre.madeira.gov.pt\/prer\/wp-json\/wp\/v2\/pages\/1250\/revisions\/2003"}],"wp:attachment":[{"href":"https:\/\/projetosdre.madeira.gov.pt\/prer\/wp-json\/wp\/v2\/media?parent=1250"}],"curies":[{"name":"wp","href":"https:\/\/api.w.org\/{rel}","templated":true}]}}