{"id":1252,"date":"2024-01-11T09:11:52","date_gmt":"2024-01-11T09:11:52","guid":{"rendered":"https:\/\/projetosdre.madeira.gov.pt\/prer\/?page_id=1252"},"modified":"2024-12-15T21:45:59","modified_gmt":"2024-12-15T21:45:59","slug":"centro-de-imprensa","status":"publish","type":"page","link":"https:\/\/projetosdre.madeira.gov.pt\/prer\/centro-de-imprensa\/","title":{"rendered":"Centro de imprensa"},"content":{"rendered":"\t\t<div data-elementor-type=\"wp-page\" data-elementor-id=\"1252\" class=\"elementor elementor-1252\">\n\t\t\t\t<div class=\"elementor-element elementor-element-e5b6ea8 e-flex e-con-boxed e-con e-parent\" data-id=\"e5b6ea8\" data-element_type=\"container\" data-e-type=\"container\" data-settings=\"{&quot;background_background&quot;:&quot;classic&quot;}\">\n\t\t\t\t\t<div class=\"e-con-inner\">\n\t\t\t\t<div class=\"elementor-element elementor-element-5444978 elementor-widget elementor-widget-heading\" data-id=\"5444978\" data-element_type=\"widget\" data-e-type=\"widget\" data-widget_type=\"heading.default\">\n\t\t\t\t<div class=\"elementor-widget-container\">\n\t\t\t\t\t<h3 class=\"elementor-heading-title elementor-size-default\">Centro de Imprensa<\/h3>\t\t\t\t<\/div>\n\t\t\t\t<\/div>\n\t\t\t\t<div class=\"elementor-element elementor-element-82ff88b elementor-widget elementor-widget-spacer\" data-id=\"82ff88b\" data-element_type=\"widget\" data-e-type=\"widget\" data-widget_type=\"spacer.default\">\n\t\t\t\t<div class=\"elementor-widget-container\">\n\t\t\t\t\t\t\t<div class=\"elementor-spacer\">\n\t\t\t<div class=\"elementor-spacer-inner\"><\/div>\n\t\t<\/div>\n\t\t\t\t\t\t<\/div>\n\t\t\t\t<\/div>\n\t\t\t\t<div class=\"elementor-element elementor-element-fa9f802 elementor-widget elementor-widget-text-editor\" data-id=\"fa9f802\" data-element_type=\"widget\" data-e-type=\"widget\" data-widget_type=\"text-editor.default\">\n\t\t\t\t<div class=\"elementor-widget-container\">\n\t\t\t\t\t\t\t\t\t<div id=\"bgLayers_comp-lpjsgywd\" data-hook=\"bgLayers\"><h4 id=\"bgMedia_comp-lpjsgywd\"><span style=\"font-size: 12pt;font-weight: bold;color: #ffffff\">Not\u00edcia do Di\u00e1rio de Not\u00edcias da Madeira sobre a Semana Europeia da Mobilidade 2023 onde o PRER foi parceiro da C\u00e2mara Municipal do Funchal<\/span><\/h4><\/div><div data-mesh-id=\"comp-lpjsgywdinlineContent\" data-testid=\"inline-content\"><div data-mesh-id=\"comp-lpjsgywdinlineContent-gridContainer\" data-testid=\"mesh-container-content\"><div id=\"comp-lpjsgz3c\" data-testid=\"richTextElement\">\u00a0<\/div><div id=\"comp-lpjsh862\" data-testid=\"richTextElement\"><h3>\u00a0<\/h3><\/div><\/div><\/div>\t\t\t\t\t\t\t\t<\/div>\n\t\t\t\t<\/div>\n\t\t\t\t<div class=\"elementor-element elementor-element-873c7cf elementor-align-center elementor-widget elementor-widget-button\" data-id=\"873c7cf\" data-element_type=\"widget\" data-e-type=\"widget\" data-widget_type=\"button.default\">\n\t\t\t\t<div class=\"elementor-widget-container\">\n\t\t\t\t\t\t\t\t\t<div class=\"elementor-button-wrapper\">\n\t\t\t\t\t<a class=\"elementor-button elementor-button-link elementor-size-md elementor-animation-grow\" href=\"https:\/\/projetosdre.madeira.gov.pt\/prer\/wp-content\/uploads\/sites\/9\/2024\/01\/CI-artigo.pdf\">\n\t\t\t\t\t\t<span class=\"elementor-button-content-wrapper\">\n\t\t\t\t\t\t<span class=\"elementor-button-icon\">\n\t\t\t\t<i aria-hidden=\"true\" class=\"fas fa-book-reader\"><\/i>\t\t\t<\/span>\n\t\t\t\t\t\t\t\t\t<span class=\"elementor-button-text\">Clique aqui<\/span>\n\t\t\t\t\t<\/span>\n\t\t\t\t\t<\/a>\n\t\t\t\t<\/div>\n\t\t\t\t\t\t\t\t<\/div>\n\t\t\t\t<\/div>\n\t\t\t\t<div class=\"elementor-element elementor-element-6c6686e elementor-widget elementor-widget-spacer\" data-id=\"6c6686e\" data-element_type=\"widget\" data-e-type=\"widget\" data-widget_type=\"spacer.default\">\n\t\t\t\t<div class=\"elementor-widget-container\">\n\t\t\t\t\t\t\t<div class=\"elementor-spacer\">\n\t\t\t<div class=\"elementor-spacer-inner\"><\/div>\n\t\t<\/div>\n\t\t\t\t\t\t<\/div>\n\t\t\t\t<\/div>\n\t\t\t\t<div class=\"elementor-element elementor-element-bfe9e47 elementor-widget elementor-widget-text-editor\" data-id=\"bfe9e47\" data-element_type=\"widget\" data-e-type=\"widget\" data-widget_type=\"text-editor.default\">\n\t\t\t\t<div class=\"elementor-widget-container\">\n\t\t\t\t\t\t\t\t\t<div id=\"bgLayers_comp-lpjsgywd\" data-hook=\"bgLayers\"><div id=\"bgMedia_comp-lpjsgywd\"><h4 id=\"bgLayers_comp-lpjsgywd\" class=\"MW5IWV\" data-hook=\"bgLayers\"><span style=\"font-size: 12pt;color: #ffffff\">Not\u00edcia do Jornal da Madeira sobre a Semana Europeia da Mobilidade 2023 onde o PRER foi parceiro da C\u00e2mara Municipal do Funchal<\/span><\/h4><div class=\"\" data-mesh-id=\"comp-lpjsgywdinlineContent\" data-testid=\"inline-content\"><div data-mesh-id=\"comp-lpjsgywdinlineContent-gridContainer\" data-testid=\"mesh-container-content\"><div id=\"comp-lpjsh862\" class=\"KcpHeO tz5f0K comp-lpjsh862 wixui-rich-text\" data-testid=\"richTextElement\"><div class=\"\" data-mesh-id=\"comp-lpjsgywdinlineContent\" data-testid=\"inline-content\"><div data-mesh-id=\"comp-lpjsgywdinlineContent-gridContainer\" data-testid=\"mesh-container-content\"><div id=\"comp-lpjsh862\" class=\"KcpHeO tz5f0K comp-lpjsh862 wixui-rich-text\" data-testid=\"richTextElement\"><h3 class=\"font_3 wixui-rich-text__text\">\u00a0<\/h3><\/div><\/div><\/div><\/div><\/div><\/div><\/div><\/div><div data-mesh-id=\"comp-lpjsgywdinlineContent\" data-testid=\"inline-content\"><div data-mesh-id=\"comp-lpjsgywdinlineContent-gridContainer\" data-testid=\"mesh-container-content\"><div id=\"comp-lpjsgz3c\" data-testid=\"richTextElement\">\u00a0<\/div><div id=\"comp-lpjsh862\" data-testid=\"richTextElement\"><h3>\u00a0<\/h3><\/div><\/div><\/div>\t\t\t\t\t\t\t\t<\/div>\n\t\t\t\t<\/div>\n\t\t\t\t<div class=\"elementor-element elementor-element-7eed68b elementor-align-center elementor-widget elementor-widget-button\" data-id=\"7eed68b\" data-element_type=\"widget\" data-e-type=\"widget\" data-widget_type=\"button.default\">\n\t\t\t\t<div class=\"elementor-widget-container\">\n\t\t\t\t\t\t\t\t\t<div class=\"elementor-button-wrapper\">\n\t\t\t\t\t<a class=\"elementor-button elementor-button-link elementor-size-md elementor-animation-grow\" href=\"https:\/\/projetosdre.madeira.gov.pt\/prer\/wp-content\/uploads\/sites\/9\/2024\/01\/Mobilidade.pdf\">\n\t\t\t\t\t\t<span class=\"elementor-button-content-wrapper\">\n\t\t\t\t\t\t<span class=\"elementor-button-icon\">\n\t\t\t\t<i aria-hidden=\"true\" class=\"fas fa-book-reader\"><\/i>\t\t\t<\/span>\n\t\t\t\t\t\t\t\t\t<span class=\"elementor-button-text\">Clique aqui<\/span>\n\t\t\t\t\t<\/span>\n\t\t\t\t\t<\/a>\n\t\t\t\t<\/div>\n\t\t\t\t\t\t\t\t<\/div>\n\t\t\t\t<\/div>\n\t\t\t\t<div class=\"elementor-element elementor-element-47c76ef elementor-widget elementor-widget-spacer\" data-id=\"47c76ef\" data-element_type=\"widget\" data-e-type=\"widget\" data-widget_type=\"spacer.default\">\n\t\t\t\t<div class=\"elementor-widget-container\">\n\t\t\t\t\t\t\t<div class=\"elementor-spacer\">\n\t\t\t<div class=\"elementor-spacer-inner\"><\/div>\n\t\t<\/div>\n\t\t\t\t\t\t<\/div>\n\t\t\t\t<\/div>\n\t\t\t\t<div class=\"elementor-element elementor-element-f14a7bb elementor-widget elementor-widget-text-editor\" data-id=\"f14a7bb\" data-element_type=\"widget\" data-e-type=\"widget\" data-widget_type=\"text-editor.default\">\n\t\t\t\t<div class=\"elementor-widget-container\">\n\t\t\t\t\t\t\t\t\t<h4 id=\"bgLayers_comp-lpjsgywd\" data-hook=\"bgLayers\"><span style=\"font-size: 12pt;color: #ffffff\">Not\u00edcia do Jornal da Madeira sobre o Dia Mundial em Mem\u00f3ria das V\u00edtimas da Estrada &#8211; 19\/11\/23<\/span><\/h4><div data-mesh-id=\"comp-lpjsgywdinlineContent\" data-testid=\"inline-content\"><div data-mesh-id=\"comp-lpjsgywdinlineContent-gridContainer\" data-testid=\"mesh-container-content\"><div id=\"comp-lpjsgz3c\" data-testid=\"richTextElement\">\u00a0<\/div><div id=\"comp-lpjsh862\" data-testid=\"richTextElement\"><h3>\u00a0<\/h3><\/div><\/div><\/div>\t\t\t\t\t\t\t\t<\/div>\n\t\t\t\t<\/div>\n\t\t\t\t<div class=\"elementor-element elementor-element-714536c elementor-align-center elementor-widget elementor-widget-button\" data-id=\"714536c\" data-element_type=\"widget\" data-e-type=\"widget\" data-widget_type=\"button.default\">\n\t\t\t\t<div class=\"elementor-widget-container\">\n\t\t\t\t\t\t\t\t\t<div class=\"elementor-button-wrapper\">\n\t\t\t\t\t<a class=\"elementor-button elementor-button-link elementor-size-md elementor-animation-grow\" href=\"https:\/\/projetosdre.madeira.gov.pt\/prer\/wp-content\/uploads\/sites\/9\/2024\/01\/Memoria-das-vitimas.pdf\">\n\t\t\t\t\t\t<span class=\"elementor-button-content-wrapper\">\n\t\t\t\t\t\t<span class=\"elementor-button-icon\">\n\t\t\t\t<i aria-hidden=\"true\" class=\"fas fa-book-reader\"><\/i>\t\t\t<\/span>\n\t\t\t\t\t\t\t\t\t<span class=\"elementor-button-text\">Clique aqui<\/span>\n\t\t\t\t\t<\/span>\n\t\t\t\t\t<\/a>\n\t\t\t\t<\/div>\n\t\t\t\t\t\t\t\t<\/div>\n\t\t\t\t<\/div>\n\t\t\t\t<div class=\"elementor-element elementor-element-c39b3da elementor-widget elementor-widget-spacer\" data-id=\"c39b3da\" data-element_type=\"widget\" data-e-type=\"widget\" data-widget_type=\"spacer.default\">\n\t\t\t\t<div class=\"elementor-widget-container\">\n\t\t\t\t\t\t\t<div class=\"elementor-spacer\">\n\t\t\t<div class=\"elementor-spacer-inner\"><\/div>\n\t\t<\/div>\n\t\t\t\t\t\t<\/div>\n\t\t\t\t<\/div>\n\t\t\t\t<div class=\"elementor-element elementor-element-c9ba5e3 elementor-widget elementor-widget-text-editor\" data-id=\"c9ba5e3\" data-element_type=\"widget\" data-e-type=\"widget\" data-widget_type=\"text-editor.default\">\n\t\t\t\t<div class=\"elementor-widget-container\">\n\t\t\t\t\t\t\t\t\t<h4 id=\"bgLayers_comp-lpjsgywd\" data-hook=\"bgLayers\"><span style=\"font-size: 12pt;color: #ffffff\">Not\u00edcia do site da Prote\u00e7\u00e3o Civil da Madeira sobre a forma\u00e7\u00e3o de novos delegados de seguran\u00e7a que teve a participa\u00e7\u00e3o do PRER &#8211; 23\/01\/24<\/span><\/h4><div data-mesh-id=\"comp-lpjsgywdinlineContent\" data-testid=\"inline-content\"><div data-mesh-id=\"comp-lpjsgywdinlineContent-gridContainer\" data-testid=\"mesh-container-content\"><div id=\"comp-lpjsgz3c\" data-testid=\"richTextElement\">\u00a0<\/div><div id=\"comp-lpjsh862\" data-testid=\"richTextElement\"><h3>\u00a0<\/h3><\/div><\/div><\/div>\t\t\t\t\t\t\t\t<\/div>\n\t\t\t\t<\/div>\n\t\t\t\t<div class=\"elementor-element elementor-element-57c6b01 elementor-align-center elementor-widget elementor-widget-button\" data-id=\"57c6b01\" data-element_type=\"widget\" data-e-type=\"widget\" data-widget_type=\"button.default\">\n\t\t\t\t<div class=\"elementor-widget-container\">\n\t\t\t\t\t\t\t\t\t<div class=\"elementor-button-wrapper\">\n\t\t\t\t\t<a class=\"elementor-button elementor-button-link elementor-size-md elementor-animation-grow\" href=\"https:\/\/procivmadeira.pt\/pt\/10-noticias\/1913-formacao-de-61-novos-docentes-para-projeto-de-seguranca-nas-escolas-da-madeira.html\">\n\t\t\t\t\t\t<span class=\"elementor-button-content-wrapper\">\n\t\t\t\t\t\t<span class=\"elementor-button-icon\">\n\t\t\t\t<i aria-hidden=\"true\" class=\"fas fa-book-reader\"><\/i>\t\t\t<\/span>\n\t\t\t\t\t\t\t\t\t<span class=\"elementor-button-text\">Clique aqui<\/span>\n\t\t\t\t\t<\/span>\n\t\t\t\t\t<\/a>\n\t\t\t\t<\/div>\n\t\t\t\t\t\t\t\t<\/div>\n\t\t\t\t<\/div>\n\t\t\t\t<div class=\"elementor-element elementor-element-c9829d3 elementor-widget elementor-widget-spacer\" data-id=\"c9829d3\" data-element_type=\"widget\" data-e-type=\"widget\" data-widget_type=\"spacer.default\">\n\t\t\t\t<div class=\"elementor-widget-container\">\n\t\t\t\t\t\t\t<div class=\"elementor-spacer\">\n\t\t\t<div class=\"elementor-spacer-inner\"><\/div>\n\t\t<\/div>\n\t\t\t\t\t\t<\/div>\n\t\t\t\t<\/div>\n\t\t\t\t<div class=\"elementor-element elementor-element-6a6a1f0 elementor-widget elementor-widget-spacer\" data-id=\"6a6a1f0\" data-element_type=\"widget\" data-e-type=\"widget\" data-widget_type=\"spacer.default\">\n\t\t\t\t<div class=\"elementor-widget-container\">\n\t\t\t\t\t\t\t<div class=\"elementor-spacer\">\n\t\t\t<div class=\"elementor-spacer-inner\"><\/div>\n\t\t<\/div>\n\t\t\t\t\t\t<\/div>\n\t\t\t\t<\/div>\n\t\t\t\t<div class=\"elementor-element elementor-element-47e2bd8 elementor-widget elementor-widget-text-editor\" data-id=\"47e2bd8\" data-element_type=\"widget\" data-e-type=\"widget\" data-widget_type=\"text-editor.default\">\n\t\t\t\t<div class=\"elementor-widget-container\">\n\t\t\t\t\t\t\t\t\t<h4 id=\"bgLayers_comp-lpjsgywd\" data-hook=\"bgLayers\"><span style=\"font-size: 12pt;color: #ffffff\">Not\u00edcia Campanha de Natal 2024 &#8211; Di\u00e1rio de Not\u00edcias da Madeira &#8211; 10\/12\/24<\/span><\/h4><div data-mesh-id=\"comp-lpjsgywdinlineContent\" data-testid=\"inline-content\"><div data-mesh-id=\"comp-lpjsgywdinlineContent-gridContainer\" data-testid=\"mesh-container-content\"><div id=\"comp-lpjsh862\" data-testid=\"richTextElement\"><h3>\u00a0<\/h3><\/div><\/div><\/div>\t\t\t\t\t\t\t\t<\/div>\n\t\t\t\t<\/div>\n\t\t\t\t<div class=\"elementor-element elementor-element-76ba8bb elementor-align-center elementor-widget elementor-widget-button\" data-id=\"76ba8bb\" data-element_type=\"widget\" data-e-type=\"widget\" data-widget_type=\"button.default\">\n\t\t\t\t<div class=\"elementor-widget-container\">\n\t\t\t\t\t\t\t\t\t<div class=\"elementor-button-wrapper\">\n\t\t\t\t\t<a class=\"elementor-button elementor-button-link elementor-size-md elementor-animation-grow\" href=\"https:\/\/www.dnoticias.pt\/2024\/12\/10\/430441-governo-promove-campanha-de-seguranca-rodoviaria-na-madeira-com-a-participacao-de-estudantes\">\n\t\t\t\t\t\t<span class=\"elementor-button-content-wrapper\">\n\t\t\t\t\t\t<span class=\"elementor-button-icon\">\n\t\t\t\t<i aria-hidden=\"true\" class=\"fas fa-book-reader\"><\/i>\t\t\t<\/span>\n\t\t\t\t\t\t\t\t\t<span class=\"elementor-button-text\">Clique aqui<\/span>\n\t\t\t\t\t<\/span>\n\t\t\t\t\t<\/a>\n\t\t\t\t<\/div>\n\t\t\t\t\t\t\t\t<\/div>\n\t\t\t\t<\/div>\n\t\t\t\t\t<\/div>\n\t\t\t\t<\/div>\n\t\t\t\t<\/div>\n\t\t","protected":false},"excerpt":{"rendered":"<p>Centro de Imprensa Not\u00edcia do Di\u00e1rio de Not\u00edcias da Madeira sobre a Semana Europeia da Mobilidade 2023 onde o PRER foi parceiro da C\u00e2mara Municipal do Funchal \u00a0 \u00a0 Clique aqui Not\u00edcia do Jornal da Madeira sobre a Semana Europeia da Mobilidade 2023 onde o PRER foi parceiro da C\u00e2mara Municipal do Funchal \u00a0 \u00a0 [&hellip;]<\/p>\n","protected":false},"author":1,"featured_media":0,"parent":0,"menu_order":0,"comment_status":"closed","ping_status":"closed","template":"","meta":{"site-sidebar-layout":"no-sidebar","site-content-layout":"page-builder","ast-site-content-layout":"full-width-container","site-content-style":"default","site-sidebar-style":"default","ast-global-header-display":"","ast-banner-title-visibility":"","ast-main-header-display":"","ast-hfb-above-header-display":"","ast-hfb-below-header-display":"","ast-hfb-mobile-header-display":"","site-post-title":"disabled","ast-breadcrumbs-content":"","ast-featured-img":"disabled","footer-sml-layout":"","ast-disable-related-posts":"","theme-transparent-header-meta":"","adv-header-id-meta":"","stick-header-meta":"","header-above-stick-meta":"","header-main-stick-meta":"","header-below-stick-meta":"","astra-migrate-meta-layouts":"set","ast-page-background-enabled":"default","ast-page-background-meta":{"desktop":{"background-color":"var(--ast-global-color-4)","background-image":"","background-repeat":"repeat","background-position":"center center","background-size":"auto","background-attachment":"scroll","background-type":"","background-media":"","overlay-type":"","overlay-color":"","overlay-opacity":"","overlay-gradient":""},"tablet":{"background-color":"","background-image":"","background-repeat":"repeat","background-position":"center center","background-size":"auto","background-attachment":"scroll","background-type":"","background-media":"","overlay-type":"","overlay-color":"","overlay-opacity":"","overlay-gradient":""},"mobile":{"background-color":"","background-image":"","background-repeat":"repeat","background-position":"center center","background-size":"auto","background-attachment":"scroll","background-type":"","background-media":"","overlay-type":"","overlay-color":"","overlay-opacity":"","overlay-gradient":""}},"ast-content-background-meta":{"desktop":{"background-color":"var(--ast-global-color-5)","background-image":"","background-repeat":"repeat","background-position":"center center","background-size":"auto","background-attachment":"scroll","background-type":"","background-media":"","overlay-type":"","overlay-color":"","overlay-opacity":"","overlay-gradient":""},"tablet":{"background-color":"var(--ast-global-color-5)","background-image":"","background-repeat":"repeat","background-position":"center center","background-size":"auto","background-attachment":"scroll","background-type":"","background-media":"","overlay-type":"","overlay-color":"","overlay-opacity":"","overlay-gradient":""},"mobile":{"background-color":"var(--ast-global-color-5)","background-image":"","background-repeat":"repeat","background-position":"center center","background-size":"auto","background-attachment":"scroll","background-type":"","background-media":"","overlay-type":"","overlay-color":"","overlay-opacity":"","overlay-gradient":""}},"_themeisle_gutenberg_block_has_review":false,"footnotes":""},"class_list":["post-1252","page","type-page","status-publish","hentry"],"_links":{"self":[{"href":"https:\/\/projetosdre.madeira.gov.pt\/prer\/wp-json\/wp\/v2\/pages\/1252","targetHints":{"allow":["GET"]}}],"collection":[{"href":"https:\/\/projetosdre.madeira.gov.pt\/prer\/wp-json\/wp\/v2\/pages"}],"about":[{"href":"https:\/\/projetosdre.madeira.gov.pt\/prer\/wp-json\/wp\/v2\/types\/page"}],"author":[{"embeddable":true,"href":"https:\/\/projetosdre.madeira.gov.pt\/prer\/wp-json\/wp\/v2\/users\/1"}],"replies":[{"embeddable":true,"href":"https:\/\/projetosdre.madeira.gov.pt\/prer\/wp-json\/wp\/v2\/comments?post=1252"}],"version-history":[{"count":73,"href":"https:\/\/projetosdre.madeira.gov.pt\/prer\/wp-json\/wp\/v2\/pages\/1252\/revisions"}],"predecessor-version":[{"id":3163,"href":"https:\/\/projetosdre.madeira.gov.pt\/prer\/wp-json\/wp\/v2\/pages\/1252\/revisions\/3163"}],"wp:attachment":[{"href":"https:\/\/projetosdre.madeira.gov.pt\/prer\/wp-json\/wp\/v2\/media?parent=1252"}],"curies":[{"name":"wp","href":"https:\/\/api.w.org\/{rel}","templated":true}]}}